{"id":349,"date":"2011-02-23T16:19:16","date_gmt":"2011-02-23T15:19:16","guid":{"rendered":"http:\/\/www.cgt-lkn.org\/bizkaia\/"},"modified":"2025-01-30T18:44:08","modified_gmt":"2025-01-30T17:44:08","slug":"convenios","status":"publish","type":"page","link":"https:\/\/www.cgt-lkn.org\/bizkaia\/recursos-laborales\/convenios","title":{"rendered":"Convenios"},"content":{"rendered":"<h1 style=\"text-align: center;\"><span style=\"text-decoration: underline;\"><span style=\"color: #339966; text-decoration: underline;\">Convenios Provinciales<\/span><\/span><\/h1>\n<h1><\/h1>\n<h1 class=\"post-title single-post-title entry-title\" style=\"text-align: center;\"><span style=\"font-size: 12pt;\"><a href=\"https:\/\/www.cgt-lkn.org\/bizkaia\/archivos\/23321\"><img loading=\"lazy\" decoding=\"async\" class=\"alignnone size-medium wp-image-19253\" src=\"https:\/\/www.cgt-lkn.org\/bizkaia\/wp-content\/uploads\/sites\/21\/2020\/04\/CGT-LKN-metal-logo-217x300.jpg\" alt=\"\" width=\"217\" height=\"300\" srcset=\"https:\/\/www.cgt-lkn.org\/bizkaia\/wp-content\/uploads\/sites\/21\/2020\/04\/CGT-LKN-metal-logo-217x300.jpg 217w, https:\/\/www.cgt-lkn.org\/bizkaia\/wp-content\/uploads\/sites\/21\/2020\/04\/CGT-LKN-metal-logo-145x200.jpg 145w, https:\/\/www.cgt-lkn.org\/bizkaia\/wp-content\/uploads\/sites\/21\/2020\/04\/CGT-LKN-metal-logo-400x554.jpg 400w, https:\/\/www.cgt-lkn.org\/bizkaia\/wp-content\/uploads\/sites\/21\/2020\/04\/CGT-LKN-metal-logo.jpg 578w\" sizes=\"auto, (max-width: 217px) 100vw, 217px\" \/><\/a><\/span><\/h1>\n<h1 class=\"post-title single-post-title entry-title\" style=\"text-align: center;\"><span style=\"font-size: 12pt;\"><a href=\"https:\/\/www.cgt-lkn.org\/bizkaia\/archivos\/23321\">CONVENIO METAL BIZKAIA + Tablas salariales\u00a0 2022-2025<\/a><\/span><\/h1>\n<p><a href=\"https:\/\/www.cgt-lkn.org\/bizkaia\/wp-content\/uploads\/sites\/21\/2023\/10\/Licencias-Retribuidas-METAL-web-CGT.pdf\"><strong><span style=\"font-size: 14pt;\">DESCARGAR LICENCIAS-PERMISOS RETRIBUIDOS METAL BIZKAIA EN PDF<\/span><\/strong><\/a><\/p>\n<p>&nbsp;<\/p>\n<hr \/>\n<h5><a href=\"https:\/\/www.cgt-lkn.org\/wp-content\/uploads\/sites\/21\/2025\/01\/Convenio-Hosteleria-Bizkaia-2018-2020-CGT.pdf\"><img loading=\"lazy\" decoding=\"async\" class=\"size-medium wp-image-22918 aligncenter\" src=\"https:\/\/www.cgt-lkn.org\/bizkaia\/wp-content\/uploads\/sites\/21\/2022\/11\/hosteleria-CGT-216x300.jpg\" alt=\"\" width=\"216\" height=\"300\" srcset=\"https:\/\/www.cgt-lkn.org\/bizkaia\/wp-content\/uploads\/sites\/21\/2022\/11\/hosteleria-CGT-216x300.jpg 216w, https:\/\/www.cgt-lkn.org\/bizkaia\/wp-content\/uploads\/sites\/21\/2022\/11\/hosteleria-CGT.jpg 575w\" sizes=\"auto, (max-width: 216px) 100vw, 216px\" \/><\/a><\/h5>\n<h2 style=\"text-align: center;\"><a href=\"https:\/\/www.cgt-lkn.org\/wp-content\/uploads\/sites\/21\/2025\/01\/Convenio-Hosteleria-Bizkaia-2018-2020-CGT.pdf\"><span style=\"font-size: 18pt;\">Hosteler\u00eda Bizkaia 2018-2021<\/span><\/a><\/h2>\n<p style=\"text-align: center;\"><a href=\"https:\/\/www.bizkaia.eus\/lehendakaritza\/Bao_bob\/2020\/02\/06\/III-36_cas.pdf?hash=a1a8fc5a1477f14c0ede1e9974f38ec3\"><strong><span style=\"font-size: 18pt;\">Tablas hosteleria 2020<\/span><\/strong><\/a><\/p>\n<hr \/>\n<h5><a href=\"https:\/\/www.cgt-lkn.org\/wp-content\/uploads\/sites\/21\/2025\/01\/CONVENIO-textil-Bizkaia-CGT.pdf\"><img loading=\"lazy\" decoding=\"async\" class=\"alignnone size-full wp-image-23748 aligncenter\" src=\"https:\/\/www.cgt-lkn.org\/bizkaia\/wp-content\/uploads\/sites\/21\/2024\/01\/textil.jpeg\" alt=\"\" width=\"276\" height=\"182\" \/><\/a><\/h5>\n<h5 style=\"text-align: center;\"><a href=\"https:\/\/www.cgt-lkn.org\/wp-content\/uploads\/sites\/21\/2025\/01\/CONVENIO-textil-Bizkaia-CGT.pdf\"><span style=\"font-size: 18pt;\">Textil Bizkaia + Tablas Salariales<\/span><\/a><\/h5>\n<hr \/>\n<blockquote class=\"wp-embedded-content\" data-secret=\"nIyqF9XGEP\"><p><a href=\"https:\/\/www.cgt-lkn.org\/blog\/archivos\/15711\">CONVENIO COLECTIVO PROVINCIAL PARA LAS EMPRESAS DEDICADAS A LA LIMPIEZA DE EDIFICIOS Y LOCALES DE BIZKAIA PARA LOS A\u00d1OS 2021-2022-2023-2024<\/a><\/p><\/blockquote>\n<p><iframe loading=\"lazy\" class=\"wp-embedded-content\" sandbox=\"allow-scripts\" security=\"restricted\" style=\"position: absolute; visibility: hidden;\" title=\"\u00abCONVENIO COLECTIVO PROVINCIAL PARA LAS EMPRESAS DEDICADAS A LA LIMPIEZA DE EDIFICIOS Y LOCALES DE BIZKAIA PARA LOS A\u00d1OS 2021-2022-2023-2024\u00bb \u2014 CGT-LKN Euskal Herria\" src=\"https:\/\/www.cgt-lkn.org\/blog\/archivos\/15711\/embed#?secret=h9TvFKi0s6#?secret=nIyqF9XGEP\" data-secret=\"nIyqF9XGEP\" width=\"600\" height=\"338\" frameborder=\"0\" marginwidth=\"0\" marginheight=\"0\" scrolling=\"no\"><\/iframe><\/p>\n<p>&nbsp;<\/p>\n<p style=\"text-align: center;\"><a href=\"https:\/\/www.cgt-lkn.org\/blog\/archivos\/15711\"><span style=\"font-size: 16pt;\"><strong>CONVENIO LIMPIEZA EDIFICIOS Y LOCALES <\/strong><\/span><\/a><\/p>\n<hr \/>\n<p><img loading=\"lazy\" decoding=\"async\" class=\"size-medium wp-image-22444 aligncenter\" src=\"https:\/\/www.cgt-lkn.org\/bizkaia\/wp-content\/uploads\/sites\/21\/2022\/05\/jardineros-en-lucha-cgt-298x300.png\" alt=\"\" width=\"298\" height=\"300\" srcset=\"https:\/\/www.cgt-lkn.org\/bizkaia\/wp-content\/uploads\/sites\/21\/2022\/05\/jardineros-en-lucha-cgt-298x300.png 298w, https:\/\/www.cgt-lkn.org\/bizkaia\/wp-content\/uploads\/sites\/21\/2022\/05\/jardineros-en-lucha-cgt-150x150.png 150w, https:\/\/www.cgt-lkn.org\/bizkaia\/wp-content\/uploads\/sites\/21\/2022\/05\/jardineros-en-lucha-cgt.png 463w\" sizes=\"auto, (max-width: 298px) 100vw, 298px\" \/><\/p>\n<header class=\"entry-header\">\n<h1 class=\"entry-title page-title\" style=\"text-align: center;\"><\/h1>\n<h2 style=\"text-align: center;\"><a href=\"https:\/\/www.cgt-lkn.org\/bizkaia\/wp-content\/uploads\/sites\/21\/2022\/05\/Convenio-Jardineria-Estatal-2021-24-web.pdf\" target=\"_blank\" rel=\"noopener\"><strong>Convenio Estatal Jardineria<\/strong><\/a><\/h2>\n<h5 style=\"text-align: center;\"><span style=\"font-size: 14pt;\"><a href=\"https:\/\/www.cgt-lkn.org\/bizkaia\/limpieza\/files\/2020\/06\/Convenio-Limpieza-y-jardineria-BERANGO-2019-2023-CGT.pdf\" target=\"_blank\" rel=\"noopener noreferrer\">BERANGO 2019 2023<\/a><\/span><\/h5>\n<\/header>\n<div class=\"entry-content clearfix\">\n<h3 style=\"text-align: center;\"><a href=\"https:\/\/www.cgt-lkn.org\/bizkaia\/limpieza\/files\/2013\/07\/GETXO-convenio-jardineria-2011-2013.pdf\" target=\"_blank\" rel=\"noopener\">GETXO 2011-2013<\/a><\/h3>\n<h3 style=\"text-align: center;\"><a title=\"CIONVENIO SANTURTZI JARDINERIA 2013-2016\" href=\"https:\/\/www.cgt-lkn.org\/bizkaia\/limpieza\/files\/2013\/07\/Santurtzi-convenio-13-16.pdf\" target=\"_blank\" rel=\"noopener\">SANTURTZI convenio 2013-2016<\/a><\/h3>\n<h3 style=\"text-align: center;\"><a href=\"https:\/\/www.cgt-lkn.org\/bizkaia\/limpieza\/files\/2013\/07\/Convenio-CESPA-JARDINERIA-Portugalete-2012-2014-firmado.pdf\" target=\"_blank\" rel=\"noopener\">PORTUGALETE 2012-2014<\/a><\/h3>\n<h3 style=\"text-align: center;\"><a href=\"https:\/\/www.cgt-lkn.org\/bizkaia\/limpieza\/files\/2013\/07\/tablas-jardineria.jpeg\" target=\"_blank\" rel=\"noopener\">TABLAS DE CESPA JARDINERIA PORTUGALETE 2014<\/a><\/h3>\n<h3><\/h3>\n<\/div>\n<h1 class=\"entry-title page-title\" style=\"text-align: center;\"><span style=\"font-size: 18pt;\">Alcantarillado, Viaria Y RSU<\/span><\/h1>\n<p style=\"text-align: center;\"><span style=\"font-size: 16pt;\"><strong><a href=\"https:\/\/www.cgt-lkn.org\/laescoba\/convenio\/Barakaldo_08_12.pdf\">Barakaldo<\/a><\/strong><\/span><\/p>\n<p style=\"text-align: center;\"><span style=\"font-size: 16pt;\"><strong><a href=\"https:\/\/www.cgt-lkn.org\/bizkaia\/limpieza\/files\/2019\/02\/texto-convenio-basauri-borrador-2017-2021-hor.pdf\">Basauri<\/a><\/strong><\/span><\/p>\n<h5 style=\"text-align: center;\"><span style=\"font-size: 14pt;\"><a href=\"https:\/\/www.cgt-lkn.org\/bizkaia\/limpieza\/files\/2020\/06\/Convenio-Limpieza-y-jardineria-BERANGO-2019-2023-CGT.pdf\" target=\"_blank\" rel=\"noopener noreferrer\">Convenio Limpieza y jardineria BERANGO 2019 2023<\/a><\/span><\/h5>\n<p>&nbsp;<\/p>\n<p class=\"entry-title page-title\" style=\"text-align: center;\"><span style=\"font-size: 16pt;\"><strong><a href=\"https:\/\/www.cgt-lkn.org\/bizkaia\/limpieza\/convenios\/alcantarillado-viaria-y-rsu\/cespa\/\">Cespa<\/a><\/strong><\/span><\/p>\n<p style=\"text-align: center;\"><span style=\"font-size: 16pt;\"><strong><a href=\"https:\/\/www.cgt-lkn.org\/bizkaia\/limpieza\/2021\/01\/25\/convenio-ute-getxo-servicios-urbanos-2018-2021\/\">Getxo<\/a><\/strong><\/span><\/p>\n<p style=\"text-align: center;\"><span style=\"font-size: 16pt;\"><strong><a href=\"https:\/\/www.cgt-lkn.org\/laescoba\/convenio\/Santurtzi_09_11.pdf\">Santurtzi<\/a><\/strong><\/span><\/p>\n<p style=\"text-align: center;\"><span style=\"font-size: 16pt;\"><strong><a href=\"https:\/\/www.cgt-lkn.org\/bizkaia\/limpieza\/2020\/12\/06\/convenio-sestao\/\">Sestao<\/a><\/strong><\/span><\/p>\n<hr \/>\n<p style=\"text-align: center;\"><span style=\"font-size: 18pt;\"><strong>CONVENIOS ESTATALES<\/strong><\/span><\/p>\n<p><img loading=\"lazy\" decoding=\"async\" class=\"size-medium wp-image-23750 aligncenter\" src=\"https:\/\/www.cgt-lkn.org\/bizkaia\/wp-content\/uploads\/sites\/21\/2024\/01\/consultoria-estudios-de-mercado-300x162.jpeg\" alt=\"\" width=\"300\" height=\"162\" srcset=\"https:\/\/www.cgt-lkn.org\/bizkaia\/wp-content\/uploads\/sites\/21\/2024\/01\/consultoria-estudios-de-mercado-300x162.jpeg 300w, https:\/\/www.cgt-lkn.org\/bizkaia\/wp-content\/uploads\/sites\/21\/2024\/01\/consultoria-estudios-de-mercado.jpeg 305w\" sizes=\"auto, (max-width: 300px) 100vw, 300px\" \/><\/p>\n<h2 style=\"text-align: center;\"><a href=\"https:\/\/www.cgt-lkn.org\/bizkaia\/wp-content\/uploads\/sites\/21\/2020\/06\/Convenio-estatal-consultor%C3%ADa-estudios-de-mercado-opini%C3%B3n-p%C3%BAblica-CGT.pdf\" target=\"_blank\" rel=\"noopener noreferrer\">\u00a0CONSULTOR\u00cdA, ESTUDIOS DE MERCADO Y OPINI\u00d3N P\u00daBLICA\u00a0<\/a><\/h2>\n<hr \/>\n<h5><img loading=\"lazy\" decoding=\"async\" class=\"alignnone size-full wp-image-23751 aligncenter\" src=\"https:\/\/www.cgt-lkn.org\/bizkaia\/wp-content\/uploads\/sites\/21\/2024\/01\/convenio-contact-center-CGT.png\" alt=\"\" width=\"224\" height=\"225\" srcset=\"https:\/\/www.cgt-lkn.org\/bizkaia\/wp-content\/uploads\/sites\/21\/2024\/01\/convenio-contact-center-CGT.png 224w, https:\/\/www.cgt-lkn.org\/bizkaia\/wp-content\/uploads\/sites\/21\/2024\/01\/convenio-contact-center-CGT-150x150.png 150w\" sizes=\"auto, (max-width: 224px) 100vw, 224px\" \/><\/h5>\n<h5 style=\"text-align: center;\"><span style=\"font-size: 18pt;\"><a href=\"https:\/\/cgt-telemarketing.es\/convenio-vigente\/\">Convenio colectivo Contac Center\u00a0<\/a><\/span><\/h5>\n<hr \/>\n<h2><img loading=\"lazy\" decoding=\"async\" class=\" wp-image-23753 aligncenter\" src=\"https:\/\/www.cgt-lkn.org\/bizkaia\/wp-content\/uploads\/sites\/21\/2024\/01\/convenio-PELUQUERIAS-INSTITUTOS-DE-BELLEZA-Y-GIMNASIOS-CGT-300x226.jpg\" alt=\"\" width=\"372\" height=\"280\" srcset=\"https:\/\/www.cgt-lkn.org\/bizkaia\/wp-content\/uploads\/sites\/21\/2024\/01\/convenio-PELUQUERIAS-INSTITUTOS-DE-BELLEZA-Y-GIMNASIOS-CGT-300x226.jpg 300w, https:\/\/www.cgt-lkn.org\/bizkaia\/wp-content\/uploads\/sites\/21\/2024\/01\/convenio-PELUQUERIAS-INSTITUTOS-DE-BELLEZA-Y-GIMNASIOS-CGT-585x440.jpg 585w, https:\/\/www.cgt-lkn.org\/bizkaia\/wp-content\/uploads\/sites\/21\/2024\/01\/convenio-PELUQUERIAS-INSTITUTOS-DE-BELLEZA-Y-GIMNASIOS-CGT.jpg 600w\" sizes=\"auto, (max-width: 372px) 100vw, 372px\" \/><\/h2>\n<h2 style=\"text-align: center;\"><a href=\"https:\/\/www.cgt-lkn.org\/bizkaia\/wp-content\/uploads\/sites\/21\/2020\/08\/CONVENIO-ESTATAL-PARA-PELUQUER\u00cdAS-INSTITUTOS-DE-BELLEZA-Y-GIMNASIOS-2018-2020-cgt.pdf\" target=\"_blank\" rel=\"noopener noreferrer\">PELUQUER\u00cdAS, INSTITUTOS DE BELLEZA Y GIMNASIOS 2018-2020<\/a><\/h2>\n<hr \/>\n<p>&nbsp;<\/p>\n<div class=\"r01-editor\">\n<p><span style=\"font-size: 12pt;\">A continuaci\u00f3n se relacionan los diferentes Convenios Colectivos\u00a0en la C.A.V., separ\u00e1ndolos en funci\u00f3n de su \u00e1mbito de aplicaci\u00f3n: de <a href=\"https:\/\/www.euskadi.eus\/gobierno-vasco\/-\/convenios-colectivos\/\">Territorio Hist\u00f3rico o Comunidad Aut\u00f3noma.<\/a><\/span><\/p>\n<ul>\n<li><a href=\"https:\/\/www.euskadi.eus\/gobierno-vasco\/-\/convenios-colectivos\/\"><span style=\"font-size: 12pt;\"><b>Bizkaia<\/b><\/span><\/a><\/li>\n<li><a href=\"https:\/\/www.euskadi.eus\/gobierno-vasco\/-\/convenios-colectivos\/\"><span style=\"font-size: 12pt;\">Comunidad Aut\u00f3noma\u00a0 (PDF, 196 KB)\u00a0<span class=\"new-window-icon\"><img decoding=\"async\" src=\"https:\/\/www.euskadi.eus\/AVComun\/images\/r01new-window.png\" alt=\"(abre en nueva ventana)\" \/><\/span><\/span><\/a><\/li>\n<li><a href=\"https:\/\/www.euskadi.eus\/gobierno-vasco\/-\/convenios-colectivos\/\"><span style=\"font-size: 12pt;\">Araba\/\u00c4lava (PDF, 333 KB)\u00a0<span class=\"new-window-icon\"><img decoding=\"async\" src=\"https:\/\/www.euskadi.eus\/AVComun\/images\/r01new-window.png\" alt=\"(abre en nueva ventana)\" \/><\/span><\/span><\/a><\/li>\n<li><span style=\"font-size: 12pt;\"><a href=\"https:\/\/www.euskadi.eus\/gobierno-vasco\/-\/convenios-colectivos\/\">Gipuzkoa (PDF, 306 KB)\u00a0<\/a><span class=\"new-window-icon\"><img decoding=\"async\" src=\"https:\/\/www.euskadi.eus\/AVComun\/images\/r01new-window.png\" alt=\"(abre en nueva ventana)\" \/><\/span><\/span><\/li>\n<li><a href=\"https:\/\/www.euskadi.eus\/gobierno-vasco\/-\/convenios-colectivos\/\"><span class=\"new-window-icon\" style=\"font-size: 12pt;\">Convenios Extraestatutarios (PDF, 111 KB)\u00a0<img decoding=\"async\" src=\"https:\/\/www.euskadi.eus\/AVComun\/images\/r01new-window.png\" alt=\"(abre en nueva ventana)\" \/>\u00a0\u00a0<\/span><\/a><\/li>\n<\/ul>\n<\/div>\n<p>&nbsp;<\/p>\n<p>Para consultar los diferentes convenios, puedes visitar la web del propio ministerio:<\/p>\n<p><a href=\"https:\/\/www.mites.gob.es\/es\/sec_trabajo\/ccncc\/index.htm\">https:\/\/www.mites.gob.es\/es\/sec_trabajo\/ccncc\/index.htm<\/a><\/p>\n<p>&nbsp;<\/p>\n<header class=\"entry-header\">\n<h1 class=\"entry-title\" style=\"text-align: center;\">Pedir Cita con la Asesoria<\/h1>\n<div class=\"category-list\">\n<p>&nbsp;<\/p>\n<\/div>\n<\/header>\n<div class=\"entry-content\">\n<div class=\"pf-content\">\n<h2><strong><em><u>HORARIOS<\/u><\/em><\/strong><\/h2>\n<p>Se proceder\u00e1 a la apertura de la Sede el d\u00eda 1 de junio en el horario habitual, ya de verano, que os recuerdo:<\/p>\n<p><strong>Ma\u00f1ana<\/strong><em>: Lunes a Viernes<\/em>\u00a0de 10 a 14 hs.<\/p>\n<p><strong>Tarde<\/strong>:\u00a0<em>Martes \u2013 Mi\u00e9rcoles \u2013 Jueves<\/em>\u00a0de 16 a 18 hs.<\/p>\n<p><strong><em><u>En Junio \u2013 Julio y Septiembre no estamos la tarde de los Mi\u00e9rcoles<\/u><\/em><\/strong><\/p>\n<p><strong><em><u>En Agosto deja mensaje en el contestador y te llamaremos<\/u><\/em><\/strong><\/p>\n<p><u>Si no te va bien este horario llama y se buscar\u00e1 horario alternativo<\/u><\/p>\n<p><strong>Tel\u00e9fono 94-416.95.40<\/strong><\/p>\n<p><a href=\"https:\/\/www.google.com\/maps\/d\/viewer?ll=43.25970599999999%2C-2.9269120000000157&amp;hl=en&amp;f=q&amp;source=embed&amp;iwloc=00044c97d3f99147a4e19&amp;spn=0.051568%2C0.131922&amp;t=h&amp;geocode&amp;vpsrc=6&amp;msa=0&amp;z=14&amp;ie=UTF8&amp;mid=1YRXgMXY6Fx9Ys2AsYe5a2YAbPUo\" target=\"_blank\" rel=\"noopener noreferrer\">Bilbao C\/ Bail\u00e9n n\u00ba 7-Entresuelo<\/a>\u00a0 Dptos 2,3 y 4<\/p>\n<p>Tf: 944169540,\u00a0<a href=\"mailto:cgtbilbao@cgt-lkn.org\">cgtbilbao@cgt-lkn.org<\/a><\/p>\n<p>Si deseas afiliare, pincha\u00a0\u00a0<a href=\"https:\/\/www.cgt-lkn.org\/afiliar\/public\/#!\/\"><strong>AQUI<\/strong><\/a><\/p>\n<p><a href=\"https:\/\/t.me\/cgtlknbizkaia\"><img loading=\"lazy\" decoding=\"async\" class=\"alignnone size-medium wp-image-19213 aligncenter\" src=\"https:\/\/www.cgt-lkn.org\/bizkaia\/wp-content\/uploads\/sites\/21\/2020\/04\/Telegram-CGT-LKN-Bizkaia-300x166.jpg\" alt=\"\" width=\"300\" height=\"166\" srcset=\"https:\/\/www.cgt-lkn.org\/bizkaia\/wp-content\/uploads\/sites\/21\/2020\/04\/Telegram-CGT-LKN-Bizkaia-300x166.jpg 300w, https:\/\/www.cgt-lkn.org\/bizkaia\/wp-content\/uploads\/sites\/21\/2020\/04\/Telegram-CGT-LKN-Bizkaia-200x111.jpg 200w, https:\/\/www.cgt-lkn.org\/bizkaia\/wp-content\/uploads\/sites\/21\/2020\/04\/Telegram-CGT-LKN-Bizkaia-400x221.jpg 400w, https:\/\/www.cgt-lkn.org\/bizkaia\/wp-content\/uploads\/sites\/21\/2020\/04\/Telegram-CGT-LKN-Bizkaia.jpg 600w\" sizes=\"auto, (max-width: 300px) 100vw, 300px\" \/><\/a><\/p>\n<p><a href=\"https:\/\/www.cgt-lkn.org\/afiliar\/public\/#!\/\"><img loading=\"lazy\" decoding=\"async\" class=\"aligncenter wp-image-13893 size-medium\" src=\"https:\/\/www.cgt-lkn.org\/bizkaia\/wp-content\/uploads\/sites\/21\/2016\/06\/organizado-eres-mas-fuerte-afiliate-300x90.png\" alt=\"\" width=\"300\" height=\"90\" srcset=\"https:\/\/www.cgt-lkn.org\/bizkaia\/wp-content\/uploads\/sites\/21\/2016\/06\/organizado-eres-mas-fuerte-afiliate-300x90.png 300w, https:\/\/www.cgt-lkn.org\/bizkaia\/wp-content\/uploads\/sites\/21\/2016\/06\/organizado-eres-mas-fuerte-afiliate-768x230.png 768w, https:\/\/www.cgt-lkn.org\/bizkaia\/wp-content\/uploads\/sites\/21\/2016\/06\/organizado-eres-mas-fuerte-afiliate-200x60.png 200w, https:\/\/www.cgt-lkn.org\/bizkaia\/wp-content\/uploads\/sites\/21\/2016\/06\/organizado-eres-mas-fuerte-afiliate-400x120.png 400w, https:\/\/www.cgt-lkn.org\/bizkaia\/wp-content\/uploads\/sites\/21\/2016\/06\/organizado-eres-mas-fuerte-afiliate.png 780w\" sizes=\"auto, (max-width: 300px) 100vw, 300px\" \/><\/a><\/p>\n<\/div>\n<\/div>\n<div class=\"post-headline\"><\/div>\n<div class=\"post-bodycopy clearfix\">\n<div class=\"pf-content\">\n<h5><\/h5>\n<\/div>\n<\/div>\n<p>&nbsp;<\/p>\n","protected":false},"excerpt":{"rendered":"<p>Convenios Provinciales CONVENIO METAL BIZKAIA + Tablas salariales\u00a0 2022-2025 DESCARGAR LICENCIAS-PERMISOS RETRIBUIDOS METAL BIZKAIA EN PDF &nbsp; Hosteler\u00eda Bizkaia 2018-2021<\/p>\n","protected":false},"author":57,"featured_media":0,"parent":21039,"menu_order":2,"comment_status":"closed","ping_status":"closed","template":"","meta":{"footnotes":"","_links_to":"","_links_to_target":""},"class_list":["post-349","page","type-page","status-publish","hentry"],"publishpress_future_action":{"enabled":false,"date":"2026-05-01 06:53:00","action":"change-status","newStatus":"draft","terms":[],"taxonomy":"","extraData":[]},"publishpress_future_workflow_manual_trigger":{"enabledWorkflows":[]},"_links":{"self":[{"href":"https:\/\/www.cgt-lkn.org\/bizkaia\/wp-json\/wp\/v2\/pages\/349","targetHints":{"allow":["GET"]}}],"collection":[{"href":"https:\/\/www.cgt-lkn.org\/bizkaia\/wp-json\/wp\/v2\/pages"}],"about":[{"href":"https:\/\/www.cgt-lkn.org\/bizkaia\/wp-json\/wp\/v2\/types\/page"}],"author":[{"embeddable":true,"href":"https:\/\/www.cgt-lkn.org\/bizkaia\/wp-json\/wp\/v2\/users\/57"}],"replies":[{"embeddable":true,"href":"https:\/\/www.cgt-lkn.org\/bizkaia\/wp-json\/wp\/v2\/comments?post=349"}],"version-history":[{"count":40,"href":"https:\/\/www.cgt-lkn.org\/bizkaia\/wp-json\/wp\/v2\/pages\/349\/revisions"}],"predecessor-version":[{"id":24262,"href":"https:\/\/www.cgt-lkn.org\/bizkaia\/wp-json\/wp\/v2\/pages\/349\/revisions\/24262"}],"up":[{"embeddable":true,"href":"https:\/\/www.cgt-lkn.org\/bizkaia\/wp-json\/wp\/v2\/pages\/21039"}],"wp:attachment":[{"href":"https:\/\/www.cgt-lkn.org\/bizkaia\/wp-json\/wp\/v2\/media?parent=349"}],"curies":[{"name":"wp","href":"https:\/\/api.w.org\/{rel}","templated":true}]}}