{"id":345,"date":"2011-02-23T14:19:04","date_gmt":"2011-02-23T13:19:04","guid":{"rendered":"http:\/\/www.cgt-lkn.org\/bizkaia\/"},"modified":"2023-06-26T12:43:09","modified_gmt":"2023-06-26T10:43:09","slug":"conoce-cgt-lkn","status":"publish","type":"page","link":"https:\/\/www.cgt-lkn.org\/bizkaia\/conoce-cgt-lkn","title":{"rendered":"Conoce CGT-LKN"},"content":{"rendered":"<div><img loading=\"lazy\" decoding=\"async\" class=\"aligncenter wp-image-21120 size-full\" src=\"https:\/\/www.cgt-lkn.org\/bizkaia\/wp-content\/uploads\/sites\/21\/2021\/04\/CGT-LKN.jpg\" alt=\"\" width=\"600\" height=\"400\" srcset=\"https:\/\/www.cgt-lkn.org\/bizkaia\/wp-content\/uploads\/sites\/21\/2021\/04\/CGT-LKN.jpg 600w, https:\/\/www.cgt-lkn.org\/bizkaia\/wp-content\/uploads\/sites\/21\/2021\/04\/CGT-LKN-300x200.jpg 300w\" sizes=\"auto, (max-width: 600px) 100vw, 600px\" \/><\/div>\n<div><\/div>\n<div>\n<h3 class=\"entry-title\"><a href=\"https:\/\/www.cgt-lkn.org\/bizkaia\/conoce-cgt-lkn\/estatutos-cgt-lkn-bizkaia\">ESTATUTOS CGT-LKN BIZKAIA<\/a><\/h3>\n<h3 class=\"entry-title\"><a href=\"https:\/\/www.cgt-lkn.org\/pagina-ejemplo\/estatutos-cgt\">ESTATUTOS CGT <\/a><\/h3>\n<h3 class=\"entry-title\"><a href=\"https:\/\/www.cgt-lkn.org\/pagina-ejemplo\/estatutoak\">LKN\u00a0ESTATUTOAK<\/a><\/h3>\n<h3 class=\"entry-title\"><\/h3>\n<p>&nbsp;<\/p>\n<\/div>\n<h1 style=\"text-align: left;\"><span style=\"font-size: 20pt;\"><strong>\u00bf Quienes somos ?<\/strong><\/span><\/h1>\n<div>\n<p>La<strong>\u00a0<span style=\"color: #ff0000;\">C<\/span><\/strong>onfederaci\u00f3n\u00a0<span style=\"color: #ff0000;\"><strong>G<\/strong><\/span>eneraldel\u00a0<span style=\"color: #ff0000;\"><strong>T<\/strong><\/span>rabajo,<strong>\u00a0L<\/strong>anaren\u00a0<strong>K<\/strong>ondeferakunde\u00a0<strong>N<\/strong>agusia (<strong><span style=\"color: #ff0000;\">CGT<\/span>-LKN<\/strong>), es una organizaci\u00f3n de clase, que pretende ser una herramienta \u00fatil al servicio de las personas trabajadoras.\u00a0<strong><span style=\"color: #ff0000;\">CGT<\/span>-LKN<\/strong>\u00a0mantiene los valores del sindicalismo libertario, siguiendo los principios de la honestidad, coherencia, transparencia, democracia directa, horizontalidad.<br \/>\nEn nuestra organizaci\u00f3n no existen ejecutivas, siendo nuestros cargos elegidos, simples gestores para cumplir los acuerdos tomados por los y las afiliadas.<\/p>\n<p>Tampoco existe en\u00a0<strong><span style=\"color: #ff0000;\">CGT<\/span>-LKN<\/strong>\u00a0la profesionalizaci\u00f3n de nuestros representantes, regulando y promoviendo para ello la rotaci\u00f3n en los cargos y limitando el tiempo de mandato. As\u00ed mismo dichos cargos no perciben salario, plus u otra prebenda para ejercer esta labor.<\/p>\n<p>Nuestra independencia de cualquier otra organizaci\u00f3n, partido pol\u00edtico o gobierno de turno, est\u00e1 garantizada por la exigencia de nuestros estatutos de que un cargo de representaci\u00f3n de\u00a0<strong><span style=\"color: #ff0000;\">CGT<\/span>-LKN<\/strong>, no puede pertenecer a otra organizaci\u00f3n, ni por supuesto instrumentalizar al sindicato en beneficio de otros intereses. Y por supuesto no puede expresarse en contra de aquellos acuerdos, que hemos tomado entre todas las personas que formamos la confederaci\u00f3n.<\/p>\n<p>A la vez, el hecho de que nuestras finanzas est\u00e1n basadas pr\u00e1cticamente en su totalidad en las aportaciones de los afilados y afiliadas, nos libran de cualquier servidumbre.<\/p>\n<p><img loading=\"lazy\" decoding=\"async\" class=\"aligncenter wp-image-21117 \" src=\"https:\/\/www.cgt-lkn.org\/bizkaia\/wp-content\/uploads\/sites\/21\/2021\/04\/herramienta-navaja-CGT-afiliate.jpg\" alt=\"\" width=\"273\" height=\"387\" srcset=\"https:\/\/www.cgt-lkn.org\/bizkaia\/wp-content\/uploads\/sites\/21\/2021\/04\/herramienta-navaja-CGT-afiliate.jpg 565w, https:\/\/www.cgt-lkn.org\/bizkaia\/wp-content\/uploads\/sites\/21\/2021\/04\/herramienta-navaja-CGT-afiliate-212x300.jpg 212w, https:\/\/www.cgt-lkn.org\/bizkaia\/wp-content\/uploads\/sites\/21\/2021\/04\/herramienta-navaja-CGT-afiliate-300x425.jpg 300w\" sizes=\"auto, (max-width: 273px) 100vw, 273px\" \/><\/p>\n<p><strong><span style=\"color: #ff0000;\">CGT<\/span>-LKN<\/strong>, tal como exponemos, se basa en principios y valores, que evidentemente no son nuevos pero que a su vez son perfectamente actuales, necesarios y \u00fatiles a una organizaci\u00f3n personas trabajadoras.\u00a0<strong><span style=\"color: #ff0000;\">CGT<\/span>-LKN<\/strong>\u00a0no nace ni del capricho ni de la improvisaci\u00f3n, partiendo de una herencia hist\u00f3rica, se hace evidente cada vez m\u00e1s la importancia de un sindicalismo alternativo a lo oficial, al que ha aceptado las reglas de juego de los que mandan, que necesita para su supervivencia la inyecci\u00f3n econ\u00f3mica del gobierno de turno. De un sindicalismo que tiene su raz\u00f3n de ser en su propia existencia, y el sentido de la misma, en mantener una estructura privilegiada para ser \u00fatil a los poderosos.<\/p>\n<p><strong><span style=\"color: #ff0000;\">CGT<\/span>-LKN<\/strong>\u00a0es y tiene sentido en cuanto sirva a los trabajadores, a las personas. Lo importante, es no tanto su existencia, como las razones expuestas para ser. Ni tiene sentido ni podr\u00eda ser una\u00a0<strong><span style=\"color: #ff0000;\">CGT<\/span>-LKN<\/strong>\u00a0que reprodujera las mismas actuaciones que otras organizaciones, pero tambi\u00e9n para que todo esto sea posible necesitamos que cada vez seamos m\u00e1s y m\u00e1s las personas que participen de nuestro modelo, y sin duda de la fortaleza de\u00a0<strong><span style=\"color: #ff0000;\">CGT<\/span>-LKN<\/strong>\u00a0noS beneficiamos todas.<\/p>\n<p><strong><span style=\"color: #ff0000;\">CGT<\/span>-LKN<\/strong>en muchos sectores, nace desde su pr\u00e1ctica inexistencia, y como respuesta al sindicalismo institucional que no pocas veces se basa en la corrupci\u00f3n y el enchufismo.<\/p>\n<p><a href=\"https:\/\/t.me\/cgtlknbizkaia\"><img loading=\"lazy\" decoding=\"async\" class=\"aligncenter wp-image-19213 size-medium\" src=\"https:\/\/www.cgt-lkn.org\/bizkaia\/wp-content\/uploads\/sites\/21\/2020\/04\/Telegram-CGT-LKN-Bizkaia-300x166.jpg\" alt=\"\" width=\"300\" height=\"166\" srcset=\"https:\/\/www.cgt-lkn.org\/bizkaia\/wp-content\/uploads\/sites\/21\/2020\/04\/Telegram-CGT-LKN-Bizkaia-300x166.jpg 300w, https:\/\/www.cgt-lkn.org\/bizkaia\/wp-content\/uploads\/sites\/21\/2020\/04\/Telegram-CGT-LKN-Bizkaia-200x111.jpg 200w, https:\/\/www.cgt-lkn.org\/bizkaia\/wp-content\/uploads\/sites\/21\/2020\/04\/Telegram-CGT-LKN-Bizkaia-400x221.jpg 400w, https:\/\/www.cgt-lkn.org\/bizkaia\/wp-content\/uploads\/sites\/21\/2020\/04\/Telegram-CGT-LKN-Bizkaia.jpg 600w\" sizes=\"auto, (max-width: 300px) 100vw, 300px\" \/><\/a><\/p>\n<p>Desde estos inicios, a principios de los a\u00f1os 90 del pasado siglo, nuestra presencia no ha parado de crecer,<\/p>\n<p>Lo expuesto nos debe reforzar en la necesidad de reivindicar nuestros derechos nosotros mismos, los propios marinos, solidariamente con el resto de trabajadores de otros \u00e1mbitos. Y para que ello sea posible, remarcamos la importancia de una organizaci\u00f3n sindical independiente de partidos, gobierno y armadores, y al servicio de la gente de mar. Os animamos por tanto a todos y todas a que lo hag\u00e1is en\u00a0<strong><span style=\"color: #ff0000;\">CGT<\/span>-LKN<\/strong>, que la hag\u00e1is vuestra organizaci\u00f3n, que entre todas y todos consigamos que cada sea m\u00e1s grande, m\u00e1s fuerte y m\u00e1s eficaz en la defensa de las personas trabajadoras.<\/p>\n<p>Mucho hemos avanzado, y mucho m\u00e1s valor tiene cuando ello es fruto exclusivo de aquellas personas que con su trabajo honesto en defender el proyecto de\u00a0<strong><span style=\"color: #ff0000;\">CGT<\/span>-LKN<\/strong>\u00a0han sacrificado parte de sus vidas. Y por el contrario hemos contado con la oposici\u00f3n radical incluso de aquellas organizaciones que se dicen de clase y que por tanto deber\u00edan compartir intereses con nosotras.<\/p>\n<p>Queda por tanto mucho por hacer y necesitamos que cada vez seamos m\u00e1s y m\u00e1s los que plantemos cara a la continua p\u00e9rdida de derechos, a la venta de los mismo por quienes deber\u00edan ser la vanguardia en su defensa, de parar los pies a la ambici\u00f3n desmedida que pone por delante de las personas el beneficio obsceno de unos pocos.<\/p>\n<p>A las personas honradas, honestas, solidarias, os esperamos en\u00a0<strong><span style=\"color: #ff0000;\">CGT<\/span>-LKN<\/strong>\u00a0para cambiar la realidad.<\/p>\n<p>Salud<\/p>\n<\/div>\n<p><strong><a title=\"Estatutos de la Confederaci\u00f3n Territorial de la Confederaci\u00f3n General del Trabajo de EUSKADI\" href=\"https:\/\/www.cgt-lkn.org\/bizkaia\/?p=2088\">Estatutos<\/a>\u00a0\u2013\u00a0<a title=\"Lanaren Konfederakunde Nagusiaren Estatutoak\" href=\"https:\/\/www.cgt-lkn.org\/bizkaia\/?p=2085\">Estatutoak<\/a><\/strong><\/p>\n<p style=\"text-align: center;\"><a href=\"https:\/\/www.cgt-lkn.org\/afiliar\/public\/#!\/\"><strong>AFILIATE<\/strong><\/a><a href=\"https:\/\/www.cgt-lkn.org\/afiliar\/public\/#!\/\"><img loading=\"lazy\" decoding=\"async\" class=\"aligncenter wp-image-20979 size-medium\" src=\"https:\/\/www.cgt-lkn.org\/bizkaia\/wp-content\/uploads\/sites\/21\/2021\/03\/La-llave-es-el-sindicato-Afiliate-CGT-300x169.jpg\" alt=\"\" width=\"300\" height=\"169\" srcset=\"https:\/\/www.cgt-lkn.org\/bizkaia\/wp-content\/uploads\/sites\/21\/2021\/03\/La-llave-es-el-sindicato-Afiliate-CGT-300x169.jpg 300w, https:\/\/www.cgt-lkn.org\/bizkaia\/wp-content\/uploads\/sites\/21\/2021\/03\/La-llave-es-el-sindicato-Afiliate-CGT.jpg 600w\" sizes=\"auto, (max-width: 300px) 100vw, 300px\" \/><\/a><\/p>\n<p style=\"text-align: center;\">\n","protected":false},"excerpt":{"rendered":"<p>ESTATUTOS CGT-LKN BIZKAIA ESTATUTOS CGT LKN\u00a0ESTATUTOAK &nbsp; \u00bf Quienes somos ? La\u00a0Confederaci\u00f3n\u00a0Generaldel\u00a0Trabajo,\u00a0Lanaren\u00a0Kondeferakunde\u00a0Nagusia (CGT-LKN), es una organizaci\u00f3n de clase, que pretende<\/p>\n","protected":false},"author":31,"featured_media":0,"parent":0,"menu_order":2,"comment_status":"closed","ping_status":"closed","template":"","meta":{"footnotes":"","_links_to":"","_links_to_target":""},"class_list":["post-345","page","type-page","status-publish","hentry"],"publishpress_future_action":{"enabled":false,"date":"2026-05-01 06:53:01","action":"change-status","newStatus":"draft","terms":[],"taxonomy":"","extraData":[]},"publishpress_future_workflow_manual_trigger":{"enabledWorkflows":[]},"_links":{"self":[{"href":"https:\/\/www.cgt-lkn.org\/bizkaia\/wp-json\/wp\/v2\/pages\/345","targetHints":{"allow":["GET"]}}],"collection":[{"href":"https:\/\/www.cgt-lkn.org\/bizkaia\/wp-json\/wp\/v2\/pages"}],"about":[{"href":"https:\/\/www.cgt-lkn.org\/bizkaia\/wp-json\/wp\/v2\/types\/page"}],"author":[{"embeddable":true,"href":"https:\/\/www.cgt-lkn.org\/bizkaia\/wp-json\/wp\/v2\/users\/31"}],"replies":[{"embeddable":true,"href":"https:\/\/www.cgt-lkn.org\/bizkaia\/wp-json\/wp\/v2\/comments?post=345"}],"version-history":[{"count":9,"href":"https:\/\/www.cgt-lkn.org\/bizkaia\/wp-json\/wp\/v2\/pages\/345\/revisions"}],"predecessor-version":[{"id":23461,"href":"https:\/\/www.cgt-lkn.org\/bizkaia\/wp-json\/wp\/v2\/pages\/345\/revisions\/23461"}],"wp:attachment":[{"href":"https:\/\/www.cgt-lkn.org\/bizkaia\/wp-json\/wp\/v2\/media?parent=345"}],"curies":[{"name":"wp","href":"https:\/\/api.w.org\/{rel}","templated":true}]}}