{"id":21143,"date":"2021-04-11T13:16:22","date_gmt":"2021-04-11T11:16:22","guid":{"rendered":"https:\/\/www.cgt-lkn.org\/bizkaia\/?page_id=21143"},"modified":"2026-02-25T19:04:19","modified_gmt":"2026-02-25T18:04:19","slug":"cuota-cgt-bizkaia","status":"publish","type":"page","link":"https:\/\/www.cgt-lkn.org\/bizkaia\/afiliate\/cuota-cgt-bizkaia","title":{"rendered":"\u00bfCu\u00e1nto se paga de cuota?"},"content":{"rendered":"<p style=\"text-align: center\">A la hora de rellenar el formulario para afiliarte, te piden los <strong>ingresos brutos anuales<\/strong>, esto es debido porque en <strong><span style=\"color: #ff0000\">CGT<\/span>-LKN<\/strong> <strong>cada persona <span style=\"color: #ff0000\">paga<\/span><\/strong> diferente, <span style=\"color: #ff0000\"><strong>seg\u00fan <\/strong><\/span><strong>sus <span style=\"color: #ff0000\">ingresos<\/span><\/strong>, lo hacemos as\u00ed porque <u>no es justo que uno que cobra m\u00e1s pague lo mismo que una persona que cobra menos. <\/u><\/p>\n<p><strong>Por ejemplo<\/strong>, no es justo que quien cobra 3. 000\u20ac\/mes pague la misma cuota que otra persona que cobra 1. 000\u20ac\/mes, es decir que intentamos que cada persona aporte seg\u00fan sus posibilidades, y que si una persona cobra menos lo justo es que pague menos cuota y viceversa.<\/p>\n<p><strong><u>La cuota se pasa por el banco c<span style=\"color: #ff0000\">ada tres meses<\/span><\/u><\/strong>, debido a los gastos bancarios, porque cobran unas comisiones nada despreciables. (30 cnts por cada cuota y 1 \u20ac por cada cuota devuelta.<\/p>\n<p>Por este motivo dentro de una misma empresa habr\u00e1 personas con diferentes cuotas, ya que pueden tener diferente categor\u00eda, trabajar a m\u00e1s o menos relevos etc.<\/p>\n<p>Lamentablemente esto solo lo hace <strong><span style=\"color: #ff0000\">CGT<\/span>-LKN<\/strong>.<\/p>\n<p>En la siguiente tabla puedes ver cu\u00e1l ser\u00eda el porcentaje de subida de tu cuota de afiliaci\u00f3n seg\u00fan tus ingresos brutos anuales..\u00bb<\/p>\n<p>Recuerda que las cuotas sindicales <strong>desgravan un 20%<\/strong> en la declaraci\u00f3n de hacienda.<\/p>\n<p style=\"text-align: center\"><u>Subidas anuales y su distribuci\u00f3n proporcional<\/u><\/p>\n<p style=\"text-align: center\"><strong>\u00a0<span style=\"font-size: 10pt\">\u00a0\u00a0<span style=\"font-size: 8pt\">\u00a0 28.000 \u20ac <\/span><\/span><\/strong><span style=\"font-size: 8pt\"><strong>\u00a0 \u00a0 \u00a0 en adelante<\/strong>\u00a0 \u00a0 \u00a0 \u00a0<strong>\u00a0 \u00a0 0,30 \u20ac \u00a0 <\/strong>\u00a0 100%<\/span><\/p>\n<p style=\"text-align: center\"><span style=\"font-size: 8pt\"><strong>\u00a0\u00a0\u00a0\u00a0 21.000 \u20ac <\/strong><strong>\u00a0 \u00a0 a<\/strong><strong>\u00a0 \u00a0 \u00a0 27.000 \u20ac\u00a0 \u00a0 \u00a0 \u00a0 \u00a0 \u00a00,25 \u20ac \u00a0\u00a0<\/strong> 75%<\/span><\/p>\n<p style=\"text-align: center\"><span style=\"font-size: 8pt\"><strong>\u00a0\u00a0\u00a0\u00a0 16.000 \u20ac <\/strong><strong>\u00a0 \u00a0 a<\/strong><strong>\u00a0 \u00a0 \u00a020.000 \u20ac\u00a0 \u00a0 \u00a0 \u00a0 \u00a0 \u00a00,15 \u20ac \u00a0\u00a0<\/strong> 50%<\/span><\/p>\n<p style=\"text-align: center\"><span style=\"font-size: 8pt\"><strong>\u00a0\u00a0\u00a0\u00a0 10.000 \u20ac <\/strong><strong>\u00a0 \u00a0a<\/strong><strong>\u00a0 \u00a0 15.000 \u20ac\u00a0 \u00a0 \u00a0 \u00a0 \u00a0 \u00a00,10 \u20ac \u00a0\u00a0<\/strong> 25%<\/span><\/p>\n<p style=\"text-align: center\"><span style=\"font-size: 8pt\"><strong>\u00a0\u00a0\u00a0\u00a0\u00a0\u00a0 6.000 \u20ac <\/strong><strong>\u00a0 \u00a0 a<\/strong><strong>\u00a0 \u00a0 \u00a0 \u00a0 \u00a09.000\u00a0 \u20ac\u00a0 \u00a0 \u00a0 \u00a0 \u00a0 0,06 \u20ac \u00a0\u00a0<\/strong> 0%<\/span><\/p>\n<p style=\"text-align: center\"><span style=\"font-size: 8pt\"><strong>\u00a0\u00a0\u00a0\u00a0\u00a0\u00a0\u00a0\u00a0\u00a0\u00a0\u00a0 0 \u20ac\u00a0 \u00a0 \u00a0 \u00a0a\u00a0 \u00a0 \u00a0 \u00a0 \u00a06.000 \u20ac\u00a0 \u00a0 \u00a0 \u00a0 \u00a0 \u00a00,02 \u20ac \u00a0\u00a0<\/strong> 0%<\/span><\/p>\n<p>&nbsp;<\/p>\n<table style=\"width: 74.7203%\" width=\"327\">\n<tbody>\n<tr>\n<td style=\"text-align: center;width: 37.6245%\" width=\"178\"><span style=\"color: #3366ff;font-size: 16pt\"><strong>INGRESOS BRUTOS<\/strong><\/span><\/td>\n<td style=\"text-align: center;width: 34.4033%\" width=\"149\"><span style=\"color: #3366ff;font-size: 16pt\"><strong>CUOTA <span style=\"color: #339966\">2026<\/span><\/strong><\/span><\/td>\n<\/tr>\n<tr>\n<td style=\"width: 37.6245%\" width=\"100\">1000<\/td>\n<td style=\"width: 34.4033%\" width=\"100\">4,08<\/td>\n<\/tr>\n<tr>\n<td style=\"width: 37.6245%\">2000<\/td>\n<td style=\"width: 34.4033%\">4,08<\/td>\n<\/tr>\n<tr>\n<td style=\"width: 37.6245%\">3000<\/td>\n<td style=\"width: 34.4033%\">4,08<\/td>\n<\/tr>\n<tr>\n<td style=\"width: 37.6245%\">4000<\/td>\n<td style=\"width: 34.4033%\">4,08<\/td>\n<\/tr>\n<tr>\n<td style=\"width: 37.6245%\">5000<\/td>\n<td style=\"width: 34.4033%\">4,12<\/td>\n<\/tr>\n<tr>\n<td style=\"width: 37.6245%\">6000<\/td>\n<td style=\"width: 34.4033%\">6,22<\/td>\n<\/tr>\n<tr>\n<td style=\"width: 37.6245%\">7000<\/td>\n<td style=\"width: 34.4033%\">7,26<\/td>\n<\/tr>\n<tr>\n<td style=\"width: 37.6245%\">8000<\/td>\n<td style=\"width: 34.4033%\">7,75<\/td>\n<\/tr>\n<tr>\n<td style=\"width: 37.6245%\">9000<\/td>\n<td style=\"width: 34.4033%\">7,95<\/td>\n<\/tr>\n<tr>\n<td style=\"width: 37.6245%\">10000<\/td>\n<td style=\"width: 34.4033%\">11,1<\/td>\n<\/tr>\n<tr>\n<td style=\"width: 37.6245%\">11000<\/td>\n<td style=\"width: 34.4033%\">11,3<\/td>\n<\/tr>\n<tr>\n<td style=\"width: 37.6245%\">12000<\/td>\n<td style=\"width: 34.4033%\">11,88<\/td>\n<\/tr>\n<tr>\n<td style=\"width: 37.6245%\">13000<\/td>\n<td style=\"width: 34.4033%\">11,88<\/td>\n<\/tr>\n<tr>\n<td style=\"width: 37.6245%\">14000<\/td>\n<td style=\"width: 34.4033%\">11,88<\/td>\n<\/tr>\n<tr>\n<td style=\"width: 37.6245%\">15000<\/td>\n<td style=\"width: 34.4033%\">12,43<\/td>\n<\/tr>\n<tr>\n<td style=\"width: 37.6245%\">16000<\/td>\n<td style=\"width: 34.4033%\">12,63<\/td>\n<\/tr>\n<tr>\n<td style=\"width: 37.6245%\">17000<\/td>\n<td style=\"width: 34.4033%\">12,63<\/td>\n<\/tr>\n<tr>\n<td style=\"width: 37.6245%\">18000<\/td>\n<td style=\"width: 34.4033%\">13,15<\/td>\n<\/tr>\n<tr>\n<td style=\"width: 37.6245%\">19000<\/td>\n<td style=\"width: 34.4033%\">13,15<\/td>\n<\/tr>\n<tr>\n<td style=\"width: 37.6245%\">20000<\/td>\n<td style=\"width: 34.4033%\">13,15<\/td>\n<\/tr>\n<tr>\n<td style=\"width: 37.6245%\">21000<\/td>\n<td style=\"width: 34.4033%\">14,41<\/td>\n<\/tr>\n<tr>\n<td style=\"width: 37.6245%\">22000<\/td>\n<td style=\"width: 34.4033%\">14,41<\/td>\n<\/tr>\n<tr>\n<td style=\"width: 37.6245%\">23000<\/td>\n<td style=\"width: 34.4033%\">14,41<\/td>\n<\/tr>\n<tr>\n<td style=\"width: 37.6245%\">24000<\/td>\n<td style=\"width: 34.4033%\">14,41<\/td>\n<\/tr>\n<tr>\n<td style=\"width: 37.6245%\">25000<\/td>\n<td style=\"width: 34.4033%\">14,41<\/td>\n<\/tr>\n<tr>\n<td style=\"width: 37.6245%\">26000<\/td>\n<td style=\"width: 34.4033%\">15,35<\/td>\n<\/tr>\n<tr>\n<td style=\"width: 37.6245%\">27000<\/td>\n<td style=\"width: 34.4033%\">15,35<\/td>\n<\/tr>\n<tr>\n<td style=\"width: 37.6245%\">28000<\/td>\n<td style=\"width: 34.4033%\">15,45<\/td>\n<\/tr>\n<tr>\n<td style=\"width: 37.6245%\">29000<\/td>\n<td style=\"width: 34.4033%\">15,45<\/td>\n<\/tr>\n<tr>\n<td style=\"width: 37.6245%\">30000<\/td>\n<td style=\"width: 34.4033%\">15,78<\/td>\n<\/tr>\n<tr>\n<td style=\"width: 37.6245%\">31000<\/td>\n<td style=\"width: 34.4033%\">15,78<\/td>\n<\/tr>\n<tr>\n<td style=\"width: 37.6245%\">32000<\/td>\n<td style=\"width: 34.4033%\">15,78<\/td>\n<\/tr>\n<tr>\n<td style=\"width: 37.6245%\">33000<\/td>\n<td style=\"width: 34.4033%\">15,78<\/td>\n<\/tr>\n<tr>\n<td style=\"width: 37.6245%\">34000<\/td>\n<td style=\"width: 34.4033%\">15,78<\/td>\n<\/tr>\n<tr>\n<td style=\"width: 37.6245%\">35000<\/td>\n<td style=\"width: 34.4033%\">15,78<\/td>\n<\/tr>\n<tr>\n<td style=\"width: 37.6245%\">36000<\/td>\n<td style=\"width: 34.4033%\">16,38<\/td>\n<\/tr>\n<tr>\n<td style=\"width: 37.6245%\">37000<\/td>\n<td style=\"width: 34.4033%\">16,38<\/td>\n<\/tr>\n<tr>\n<td style=\"width: 37.6245%\">38000<\/td>\n<td style=\"width: 34.4033%\">16,38<\/td>\n<\/tr>\n<tr>\n<td style=\"width: 37.6245%\">39000<\/td>\n<td style=\"width: 34.4033%\">16,38<\/td>\n<\/tr>\n<tr>\n<td style=\"width: 37.6245%\">40000<\/td>\n<td style=\"width: 34.4033%\">16,38<\/td>\n<\/tr>\n<tr>\n<td style=\"width: 37.6245%\">41000<\/td>\n<td style=\"width: 34.4033%\">16,38<\/td>\n<\/tr>\n<tr>\n<td style=\"width: 37.6245%\">42000<\/td>\n<td style=\"width: 34.4033%\">16,38<\/td>\n<\/tr>\n<tr>\n<td style=\"width: 37.6245%\">43000<\/td>\n<td style=\"width: 34.4033%\">17,78<\/td>\n<\/tr>\n<tr>\n<td style=\"width: 37.6245%\">44000<\/td>\n<td style=\"width: 34.4033%\">17,78<\/td>\n<\/tr>\n<tr>\n<td style=\"width: 37.6245%\">45000<\/td>\n<td style=\"width: 34.4033%\">17,78<\/td>\n<\/tr>\n<tr>\n<td style=\"width: 37.6245%\">46000<\/td>\n<td style=\"width: 34.4033%\">17,78<\/td>\n<\/tr>\n<tr>\n<td style=\"width: 37.6245%\">47000<\/td>\n<td style=\"width: 34.4033%\">19,08<\/td>\n<\/tr>\n<tr>\n<td style=\"width: 37.6245%\">48000<\/td>\n<td style=\"width: 34.4033%\">19,08<\/td>\n<\/tr>\n<tr>\n<td style=\"width: 37.6245%\">49000<\/td>\n<td style=\"width: 34.4033%\">19,08<\/td>\n<\/tr>\n<tr>\n<td style=\"width: 37.6245%\">50000<\/td>\n<td style=\"width: 34.4033%\">23,13<\/td>\n<\/tr>\n<tr>\n<td style=\"width: 37.6245%\">51000<\/td>\n<td style=\"width: 34.4033%\">23,13<\/td>\n<\/tr>\n<tr>\n<td style=\"width: 37.6245%\">52000<\/td>\n<td style=\"width: 34.4033%\">23,13<\/td>\n<\/tr>\n<tr>\n<td style=\"width: 37.6245%\">53000<\/td>\n<td style=\"width: 34.4033%\">23,63<\/td>\n<\/tr>\n<tr>\n<td style=\"width: 37.6245%\">54000<\/td>\n<td style=\"width: 34.4033%\">23,63<\/td>\n<\/tr>\n<tr>\n<td style=\"width: 37.6245%\">55000<\/td>\n<td style=\"width: 34.4033%\">23,63<\/td>\n<\/tr>\n<tr>\n<td style=\"width: 37.6245%\">56000<\/td>\n<td style=\"width: 34.4033%\">23,63<\/td>\n<\/tr>\n<tr>\n<td style=\"width: 37.6245%\">57000<\/td>\n<td style=\"width: 34.4033%\">25,28<\/td>\n<\/tr>\n<tr>\n<td style=\"width: 37.6245%\">58000<\/td>\n<td style=\"width: 34.4033%\">25,28<\/td>\n<\/tr>\n<tr>\n<td style=\"width: 37.6245%\">59000<\/td>\n<td style=\"width: 34.4033%\">25,28<\/td>\n<\/tr>\n<tr>\n<td style=\"width: 37.6245%\">60000<\/td>\n<td style=\"width: 34.4033%\">27,28<\/td>\n<\/tr>\n<tr>\n<td style=\"width: 37.6245%\">61000<\/td>\n<td style=\"width: 34.4033%\">27,28<\/td>\n<\/tr>\n<tr>\n<td style=\"width: 37.6245%\">62000<\/td>\n<td style=\"width: 34.4033%\">27,28<\/td>\n<\/tr>\n<tr>\n<td style=\"width: 37.6245%\">63000<\/td>\n<td style=\"width: 34.4033%\">27,28<\/td>\n<\/tr>\n<tr>\n<td style=\"width: 37.6245%\">64000<\/td>\n<td style=\"width: 34.4033%\">27,28<\/td>\n<\/tr>\n<tr>\n<td style=\"width: 37.6245%\">65000<\/td>\n<td style=\"width: 34.4033%\">28,28<\/td>\n<\/tr>\n<tr>\n<td style=\"width: 37.6245%\">66000<\/td>\n<td style=\"width: 34.4033%\">28,28<\/td>\n<\/tr>\n<tr>\n<td style=\"width: 37.6245%\">67000<\/td>\n<td style=\"width: 34.4033%\">28,28<\/td>\n<\/tr>\n<tr>\n<td style=\"width: 37.6245%\">68000<\/td>\n<td style=\"width: 34.4033%\">28,28<\/td>\n<\/tr>\n<tr>\n<td style=\"width: 37.6245%\">69000<\/td>\n<td style=\"width: 34.4033%\">28,28<\/td>\n<\/tr>\n<tr>\n<td style=\"width: 37.6245%\">70000<\/td>\n<td style=\"width: 34.4033%\">29,48<\/td>\n<\/tr>\n<tr>\n<td style=\"width: 37.6245%\">71000<\/td>\n<td style=\"width: 34.4033%\">29,48<\/td>\n<\/tr>\n<tr>\n<td style=\"width: 37.6245%\">72000<\/td>\n<td style=\"width: 34.4033%\">29,48<\/td>\n<\/tr>\n<tr>\n<td style=\"width: 37.6245%\">73000<\/td>\n<td style=\"width: 34.4033%\">29,48<\/td>\n<\/tr>\n<tr>\n<td style=\"width: 37.6245%\">74000<\/td>\n<td style=\"width: 34.4033%\">29,48<\/td>\n<\/tr>\n<tr>\n<td style=\"width: 37.6245%\">75000<\/td>\n<td style=\"width: 34.4033%\">29,48<\/td>\n<\/tr>\n<tr>\n<td style=\"width: 37.6245%\">76000<\/td>\n<td style=\"width: 34.4033%\">31,28<\/td>\n<\/tr>\n<tr>\n<td style=\"width: 37.6245%\">77000<\/td>\n<td style=\"width: 34.4033%\">31,28<\/td>\n<\/tr>\n<tr>\n<td style=\"width: 37.6245%\">78000<\/td>\n<td style=\"width: 34.4033%\">31,28<\/td>\n<\/tr>\n<tr>\n<td style=\"width: 37.6245%\">79000<\/td>\n<td style=\"width: 34.4033%\">31,28<\/td>\n<\/tr>\n<tr>\n<td style=\"width: 37.6245%\">80000<\/td>\n<td style=\"width: 34.4033%\">32,28<\/td>\n<\/tr>\n<tr>\n<td style=\"width: 37.6245%\">81000<\/td>\n<td style=\"width: 34.4033%\">32,28<\/td>\n<\/tr>\n<tr>\n<td style=\"width: 37.6245%\">82000<\/td>\n<td style=\"width: 34.4033%\">32,28<\/td>\n<\/tr>\n<tr>\n<td style=\"width: 37.6245%\">83000<\/td>\n<td style=\"width: 34.4033%\">32,28<\/td>\n<\/tr>\n<tr>\n<td style=\"width: 37.6245%\">84000<\/td>\n<td style=\"width: 34.4033%\">32,28<\/td>\n<\/tr>\n<tr>\n<td style=\"width: 37.6245%\">85000<\/td>\n<td style=\"width: 34.4033%\">32,28<\/td>\n<\/tr>\n<tr>\n<td style=\"width: 37.6245%\">86000<\/td>\n<td style=\"width: 34.4033%\">32,78<\/td>\n<\/tr>\n<tr>\n<td style=\"width: 37.6245%\">87000<\/td>\n<td style=\"width: 34.4033%\">32,78<\/td>\n<\/tr>\n<tr>\n<td style=\"width: 37.6245%\">88000<\/td>\n<td style=\"width: 34.4033%\">32,78<\/td>\n<\/tr>\n<tr>\n<td style=\"width: 37.6245%\">89000<\/td>\n<td style=\"width: 34.4033%\">32,78<\/td>\n<\/tr>\n<tr>\n<td style=\"width: 37.6245%\">90000<\/td>\n<td style=\"width: 34.4033%\">32,78<\/td>\n<\/tr>\n<tr>\n<td style=\"width: 37.6245%\">91000<\/td>\n<td style=\"width: 34.4033%\">32,78<\/td>\n<\/tr>\n<tr>\n<td style=\"width: 37.6245%\">92000<\/td>\n<td style=\"width: 34.4033%\">33,78<\/td>\n<\/tr>\n<tr>\n<td style=\"width: 37.6245%\">93000<\/td>\n<td style=\"width: 34.4033%\">33,78<\/td>\n<\/tr>\n<tr>\n<td style=\"width: 37.6245%\">94000<\/td>\n<td style=\"width: 34.4033%\">33,78<\/td>\n<\/tr>\n<tr>\n<td style=\"width: 37.6245%\">95000<\/td>\n<td style=\"width: 34.4033%\">33,78<\/td>\n<\/tr>\n<tr>\n<td style=\"width: 37.6245%\">96000<\/td>\n<td style=\"width: 34.4033%\">33,78<\/td>\n<\/tr>\n<tr>\n<td style=\"width: 37.6245%\">97000<\/td>\n<td style=\"width: 34.4033%\">35,78<\/td>\n<\/tr>\n<tr>\n<td style=\"width: 37.6245%\">98000<\/td>\n<td style=\"width: 34.4033%\">35,78<\/td>\n<\/tr>\n<tr>\n<td style=\"width: 37.6245%\">99000<\/td>\n<td style=\"width: 34.4033%\">35,78<\/td>\n<\/tr>\n<tr>\n<td style=\"width: 37.6245%\">100000<\/td>\n<td style=\"width: 34.4033%\">35,78<\/td>\n<\/tr>\n<\/tbody>\n<\/table>\n<p>&nbsp;<\/p>\n<p style=\"text-align: center\"><span style=\"font-size: 14pt\"><b>PINCHA <a href=\"https:\/\/www.cgt-lkn.org\/afiliar\/public\/#!\/\">AQU\u00cd<\/a> PARA AFILIARTE<\/b><\/span><\/p>\n<p><a href=\"https:\/\/www.cgt-lkn.org\/afiliar\/public\/#!\/\"><img loading=\"lazy\" decoding=\"async\" class=\"wp-image-23051 aligncenter\" src=\"https:\/\/www.cgt-lkn.org\/bizkaia\/wp-content\/uploads\/sites\/21\/3021\/01\/AFILIATE-JUNTOS-SOMOS-FUERTES-CGT.jpg\" alt=\"\" width=\"312\" height=\"433\" srcset=\"https:\/\/www.cgt-lkn.org\/bizkaia\/wp-content\/uploads\/sites\/21\/3021\/01\/AFILIATE-JUNTOS-SOMOS-FUERTES-CGT.jpg 576w, https:\/\/www.cgt-lkn.org\/bizkaia\/wp-content\/uploads\/sites\/21\/3021\/01\/AFILIATE-JUNTOS-SOMOS-FUERTES-CGT-216x300.jpg 216w\" sizes=\"auto, (max-width: 312px) 100vw, 312px\" \/><\/a><\/p>\n<p style=\"text-align: center\"><span style=\"font-size: 14pt\"><em><strong>Afiliatzeko<\/strong>, ondorengo formularioa bete eta zurekin harremanetan jarriko gara<\/em>:<\/span><\/p>\n<h1 style=\"text-align: center\"><span style=\"font-size: 14pt\"><a href=\"https:\/\/www.cgt-lkn.org\/afiliar\/public\/#!\/\" target=\"_blank\" rel=\"noopener noreferrer\">IR AL FORMULARIO<\/a>\u00a0\u2013\u00a0<a href=\"https:\/\/www.cgt-lkn.org\/afiliar\/public\/#!\/\"><b>FORMULARIOra JOAN<\/b><\/a><\/span><\/h1>\n<p>&nbsp;<\/p>\n<p style=\"text-align: center\"><span style=\"font-size: 14pt\"><strong>Para recibir las noticias \u00fanete a nuestro canal de <a href=\"https:\/\/t.me\/cgtlknbizkaia\" target=\"_blank\" rel=\"noopener\">Telegram<\/a><\/strong><\/span><br \/>\n<a href=\"https:\/\/t.me\/cgtlknbizkaia\"><img loading=\"lazy\" decoding=\"async\" class=\"aligncenter wp-image-19213 size-medium\" src=\"https:\/\/www.cgt-lkn.org\/bizkaia\/wp-content\/uploads\/sites\/21\/2020\/04\/Telegram-CGT-LKN-Bizkaia-300x166.jpg\" alt=\"\" width=\"300\" height=\"166\" srcset=\"https:\/\/www.cgt-lkn.org\/bizkaia\/wp-content\/uploads\/sites\/21\/2020\/04\/Telegram-CGT-LKN-Bizkaia-300x166.jpg 300w, https:\/\/www.cgt-lkn.org\/bizkaia\/wp-content\/uploads\/sites\/21\/2020\/04\/Telegram-CGT-LKN-Bizkaia-200x111.jpg 200w, https:\/\/www.cgt-lkn.org\/bizkaia\/wp-content\/uploads\/sites\/21\/2020\/04\/Telegram-CGT-LKN-Bizkaia-400x221.jpg 400w, https:\/\/www.cgt-lkn.org\/bizkaia\/wp-content\/uploads\/sites\/21\/2020\/04\/Telegram-CGT-LKN-Bizkaia.jpg 600w\" sizes=\"auto, (max-width: 300px) 100vw, 300px\" \/><\/a><\/p>\n<h3><\/h3>\n<h3 style=\"text-align: center\"><a href=\"https:\/\/www.cgt-lkn.org\/afiliar\/public\/#!\/\">AFILIATE<\/a><\/h3>\n<p><a href=\"https:\/\/www.cgt-lkn.org\/afiliar\/public\/#!\/\"><img loading=\"lazy\" decoding=\"async\" class=\"aligncenter wp-image-18246\" src=\"https:\/\/www.cgt-lkn.org\/bizkaia\/wp-content\/uploads\/sites\/21\/2019\/04\/cgt_bbva_GRAF_SIGLAS_CON_SLOGAN_10102013-morado.jpg\" alt=\"\" width=\"484\" height=\"158\" srcset=\"https:\/\/www.cgt-lkn.org\/bizkaia\/wp-content\/uploads\/sites\/21\/2019\/04\/cgt_bbva_GRAF_SIGLAS_CON_SLOGAN_10102013-morado.jpg 600w, https:\/\/www.cgt-lkn.org\/bizkaia\/wp-content\/uploads\/sites\/21\/2019\/04\/cgt_bbva_GRAF_SIGLAS_CON_SLOGAN_10102013-morado-300x98.jpg 300w, https:\/\/www.cgt-lkn.org\/bizkaia\/wp-content\/uploads\/sites\/21\/2019\/04\/cgt_bbva_GRAF_SIGLAS_CON_SLOGAN_10102013-morado-200x65.jpg 200w, https:\/\/www.cgt-lkn.org\/bizkaia\/wp-content\/uploads\/sites\/21\/2019\/04\/cgt_bbva_GRAF_SIGLAS_CON_SLOGAN_10102013-morado-400x130.jpg 400w\" sizes=\"auto, (max-width: 484px) 100vw, 484px\" \/><\/a><\/p>\n<p>&nbsp;<\/p>\n<p>&nbsp;<\/p>\n<p>&nbsp;<\/p>\n<p>&nbsp;<\/p>\n<p>&nbsp;<\/p>\n<p>&nbsp;<\/p>\n<p>&nbsp;<\/p>\n<p>&nbsp;<\/p>\n","protected":false},"excerpt":{"rendered":"<p>A la hora de rellenar el formulario para afiliarte, te piden los ingresos brutos anuales, esto es debido porque en<\/p>\n","protected":false},"author":31,"featured_media":24540,"parent":598,"menu_order":0,"comment_status":"closed","ping_status":"closed","template":"","meta":{"footnotes":"","_links_to":"","_links_to_target":""},"class_list":["post-21143","page","type-page","status-publish","has-post-thumbnail","hentry"],"publishpress_future_action":{"enabled":false,"date":"2026-05-08 02:46:35","action":"change-status","newStatus":"draft","terms":[],"taxonomy":"","extraData":[]},"publishpress_future_workflow_manual_trigger":{"enabledWorkflows":[]},"_links":{"self":[{"href":"https:\/\/www.cgt-lkn.org\/bizkaia\/wp-json\/wp\/v2\/pages\/21143","targetHints":{"allow":["GET"]}}],"collection":[{"href":"https:\/\/www.cgt-lkn.org\/bizkaia\/wp-json\/wp\/v2\/pages"}],"about":[{"href":"https:\/\/www.cgt-lkn.org\/bizkaia\/wp-json\/wp\/v2\/types\/page"}],"author":[{"embeddable":true,"href":"https:\/\/www.cgt-lkn.org\/bizkaia\/wp-json\/wp\/v2\/users\/31"}],"replies":[{"embeddable":true,"href":"https:\/\/www.cgt-lkn.org\/bizkaia\/wp-json\/wp\/v2\/comments?post=21143"}],"version-history":[{"count":36,"href":"https:\/\/www.cgt-lkn.org\/bizkaia\/wp-json\/wp\/v2\/pages\/21143\/revisions"}],"predecessor-version":[{"id":24544,"href":"https:\/\/www.cgt-lkn.org\/bizkaia\/wp-json\/wp\/v2\/pages\/21143\/revisions\/24544"}],"up":[{"embeddable":true,"href":"https:\/\/www.cgt-lkn.org\/bizkaia\/wp-json\/wp\/v2\/pages\/598"}],"wp:featuredmedia":[{"embeddable":true,"href":"https:\/\/www.cgt-lkn.org\/bizkaia\/wp-json\/wp\/v2\/media\/24540"}],"wp:attachment":[{"href":"https:\/\/www.cgt-lkn.org\/bizkaia\/wp-json\/wp\/v2\/media?parent=21143"}],"curies":[{"name":"wp","href":"https:\/\/api.w.org\/{rel}","templated":true}]}}