{"id":1768,"date":"2012-01-06T11:13:51","date_gmt":"2012-01-06T10:13:51","guid":{"rendered":"http:\/\/www.cgt-lkn.org\/bizkaia\/?page_id=1768"},"modified":"2021-11-28T14:21:45","modified_gmt":"2021-11-28T13:21:45","slug":"guias-de-salud-laboral","status":"publish","type":"page","link":"https:\/\/www.cgt-lkn.org\/bizkaia\/recursos-laborales\/salud-laboral\/guias-de-salud-laboral","title":{"rendered":"Guias de Salud laboral"},"content":{"rendered":"<div id=\"post-1527\" class=\"post-1527 post type-post status-publish format-standard hentry category-boletines-salud-laboral category-guias category-publicaciones category-salud-laboral odd\">\n<div class=\"post-headline\">\n<p style=\"text-align: center\"><a href=\"https:\/\/www.cgt-lkn.org\/bizkaia\/wp-content\/uploads\/sites\/21\/2021\/09\/Guia-Salud-Laboral-CGT-2021-web.pdf\" target=\"_blank\" rel=\"noopener\"><strong>Gu\u00eda salud labora<\/strong>l<img loading=\"lazy\" decoding=\"async\" class=\"aligncenter wp-image-21606\" src=\"https:\/\/www.cgt-lkn.org\/bizkaia\/wp-content\/uploads\/sites\/21\/2021\/09\/guia-salud-laboral-cgt-1.png\" alt=\"\" width=\"218\" height=\"291\" \/><\/a><\/p>\n<p style=\"text-align: center\"><a href=\"https:\/\/www.cgt-lkn.org\/bizkaia\/wp-content\/uploads\/sites\/21\/2021\/09\/Guia-Salud-Laboral-CGT-2021-web.pdf\" target=\"_blank\" rel=\"noopener\">\u00a0<\/a><strong><a href=\"https:\/\/www.cgt-lkn.org\/bizkaia\/wp-content\/uploads\/sites\/21\/2021\/11\/guia-salud-laboral-CGT-Teletrabajo-Teletrabajo-No-es-oro-todo-lo-que-reluce.pdf\" target=\"_blank\" rel=\"noopener\">Teletrabajo<\/a><\/strong> <a href=\"https:\/\/www.cgt-lkn.org\/bizkaia\/wp-content\/uploads\/sites\/21\/2021\/11\/guia-salud-laboral-CGT-Teletrabajo-Teletrabajo-No-es-oro-todo-lo-que-reluce.pdf\" target=\"_blank\" rel=\"noopener\"><img loading=\"lazy\" decoding=\"async\" class=\"aligncenter wp-image-21764\" src=\"https:\/\/www.cgt-lkn.org\/bizkaia\/wp-content\/uploads\/sites\/21\/2021\/11\/teletrabajo-cgt-salud-laboral.jpg\" alt=\"\" width=\"226\" height=\"319\" \/><\/a><\/p>\n<p style=\"text-align: center\"><a title=\"Permanent Link to GUIA DE SALUD LABORAL N\u00ba 4: Trabajo bajo presi\u00f3n (estr\u00e9s laboral)\" href=\"https:\/\/www.cgt-lkn.org\/bizkaia\/gestamp\/files\/2013\/04\/N4_Trabajo-bajo-presi%C3%B3n-estr%C3%A9s-laboral.pdf#new_tab\" target=\"_blank\" rel=\"bookmark noopener\"><strong>Trabajo bajo presi\u00f3n (estr\u00e9s laboral)<\/strong><img loading=\"lazy\" decoding=\"async\" class=\"aligncenter size-full wp-image-21765\" src=\"https:\/\/www.cgt-lkn.org\/bizkaia\/wp-content\/uploads\/sites\/21\/2021\/11\/trabajar-bajo-presion.jpg\" alt=\"\" width=\"299\" height=\"169\" \/><\/a><\/p>\n<\/div>\n<\/div>\n<p style=\"text-align: center\"><a title=\"Permanent Link to Guia salud Laboral N\u00ba9: Trabajo bajo presi\u00f3n y consecuencias para la salud\" href=\"https:\/\/www.cgt-lkn.org\/bizkaia\/gestamp\/files\/2016\/04\/GUIA-DE-SALUD-N9-acabada-11.3.2016.pdf\" target=\"_blank\" rel=\"bookmark noopener\">Trabajo bajo presi\u00f3n y consecuencias para la salud <\/a><a title=\"Permanent Link to Guia salud Laboral N\u00ba9: Trabajo bajo presi\u00f3n y consecuencias para la salud\" href=\"https:\/\/www.cgt-lkn.org\/bizkaia\/gestamp\/files\/2016\/04\/GUIA-DE-SALUD-N9-acabada-11.3.2016.pdf\" target=\"_blank\" rel=\"bookmark noopener\"><img loading=\"lazy\" decoding=\"async\" class=\"aligncenter wp-image-21766\" src=\"https:\/\/www.cgt-lkn.org\/bizkaia\/wp-content\/uploads\/sites\/21\/2021\/11\/trabajo-bajo-presion-cgt.jpg\" alt=\"\" width=\"288\" height=\"240\" srcset=\"https:\/\/www.cgt-lkn.org\/bizkaia\/wp-content\/uploads\/sites\/21\/2021\/11\/trabajo-bajo-presion-cgt.jpg 514w, https:\/\/www.cgt-lkn.org\/bizkaia\/wp-content\/uploads\/sites\/21\/2021\/11\/trabajo-bajo-presion-cgt-300x250.jpg 300w\" sizes=\"auto, (max-width: 288px) 100vw, 288px\" \/><\/a><\/p>\n<p style=\"text-align: center\"><strong><a title=\"Permanent Link to Guia de salud N\u00ba 10 Movimientos Repetitivos\" href=\"https:\/\/www.cgt-lkn.org\/bizkaia\/gestamp\/files\/2016\/09\/GUIA-DE-SALUD-MOVIMIENTOS-REPETITIVOS-4.9.2016-WEB.pdf\" rel=\"bookmark\">Movimientos Repetitivos<\/a><\/strong><\/p>\n<p><a href=\"https:\/\/www.cgt-lkn.org\/bizkaia\/gestamp\/files\/2016\/09\/GUIA-DE-SALUD-MOVIMIENTOS-REPETITIVOS-4.9.2016-WEB.pdf\" target=\"_blank\" rel=\"noopener\"><img loading=\"lazy\" decoding=\"async\" class=\"aligncenter wp-image-21769\" src=\"https:\/\/www.cgt-lkn.org\/bizkaia\/wp-content\/uploads\/sites\/21\/2021\/11\/movimientos-repetitivos-salud-laboral-cgt.jpg\" alt=\"\" width=\"219\" height=\"308\" \/><\/a><\/p>\n<p style=\"text-align: center\"><strong><a href=\"https:\/\/www.cgt-lkn.org\/bizkaia\/gestamp\/files\/2018\/05\/Gestam-Salud-Laboral-copia-copia.pdf\">Ergonomia trabajo con ordenador<\/a><\/strong><\/p>\n<p><a href=\"https:\/\/www.cgt-lkn.org\/bizkaia\/gestamp\/files\/2018\/05\/Gestam-Salud-Laboral-copia-copia.pdf\"><img loading=\"lazy\" decoding=\"async\" class=\"aligncenter wp-image-21796\" src=\"https:\/\/www.cgt-lkn.org\/bizkaia\/wp-content\/uploads\/sites\/21\/2021\/11\/ergonomia-trabajo-con-ordenador-CGT.jpg\" alt=\"\" width=\"294\" height=\"397\" \/><\/a><\/p>\n<p style=\"text-align: center\"><a href=\"http:\/\/www.sff-cgt.org\/areas\/salud_laboral\/publicaciones\/TRABAJO%20A%20TURNOS.pdf\" target=\"_blank\" rel=\"noopener\">TRABAJO A TURNOS.pdf<\/a><\/p>\n<p><a href=\"http:\/\/www.sff-cgt.org\/areas\/salud_laboral\/publicaciones\/TRABAJO%20A%20TURNOS.pdf\"><img loading=\"lazy\" decoding=\"async\" class=\"wp-image-21798 aligncenter\" src=\"https:\/\/www.cgt-lkn.org\/bizkaia\/wp-content\/uploads\/sites\/21\/2021\/11\/trabajo-a-turnos-cgt.jpg\" alt=\"\" width=\"235\" height=\"343\" srcset=\"https:\/\/www.cgt-lkn.org\/bizkaia\/wp-content\/uploads\/sites\/21\/2021\/11\/trabajo-a-turnos-cgt.jpg 388w, https:\/\/www.cgt-lkn.org\/bizkaia\/wp-content\/uploads\/sites\/21\/2021\/11\/trabajo-a-turnos-cgt-206x300.jpg 206w\" sizes=\"auto, (max-width: 235px) 100vw, 235px\" \/><\/a><\/p>\n<ul>\n<li><a title=\"VALORACI\u00d3N DEL SUBSIDIO POR RIESGO EN EL EMBARAZO Y LACTANCIA NATURAL\" href=\"https:\/\/www.cgt-lkn.org\/bizkaia\/wp-content\/uploads\/sites\/21\/2012\/06\/VALORACI%C3%93N-DEL-SUBSIDIO-RIESGO-LABORAL-EMBARAZO-Y-LACTANCIA.pdf\" target=\"_blank\" rel=\"noopener\">VALORACI\u00d3N\u00a0DEL\u00a0SUBSIDIO POR RIESGO \u00a0EN EL\u00a0EMBARAZO Y LACTANCIA \u00a0NATURAL<\/a><\/li>\n<li>\u00a0<strong><a title=\"Protecci\u00f3n de trabajadores especialmente sensibles\" href=\"http:\/\/www.sff-cgt.org\/areas\/salud_laboral\/revista_sl\/A4%20-%20BOLETIN%20SL%2029.pdf\" target=\"_blank\" rel=\"noopener\">Protecci\u00f3n de trabajadores especialmente sensibles<\/a><\/strong><\/li>\n<\/ul>\n<ul>\n<li><a style=\"color: #ff4b33\" href=\"http:\/\/www.sff-cgt.org\/comisiones\/salud_laboral\/publicaciones\/Evaluacion%20de%20riesgos%20psicosociales%20en%20puestos%20de%20mando.pdf\" target=\"_blank\" rel=\"noopener\">Evaluacion de riesgos psicosociales en puestos de mando<\/a><\/li>\n<li><a title=\"Permanent Link to Guia salud Laboral N\u00ba9: Trabajo bajo presi\u00f3n y consecuencias para la salud\" href=\"https:\/\/www.cgt-lkn.org\/bizkaia\/gestamp\/2016\/04\/01\/guia-salud-laboral-no9-trabajo-bajo-presion-y-consecuencias-para-la-salud\/\" rel=\"bookmark\">Trabajo bajo presi\u00f3n y consecuencias para la salud<\/a><\/li>\n<li><a title=\"Permanent Link to Bolet\u00edn Salud N\u00ba8: CARGA MENTAL Y ORGANIZACI\u00d3N DEL TRABAJO\" href=\"https:\/\/www.cgt-lkn.org\/bizkaia\/gestamp\/2015\/09\/13\/boletin-salud-no7carga-mental-y-organizacion-del-trabajo\/\" rel=\"bookmark\">CARGA MENTAL Y ORGANIZACI\u00d3N DEL TRABAJO<\/a><\/li>\n<li><a title=\"Permanent Link to Bolet\u00edn Salud N\u00ba7: TRASTORNOS MUSCULO-ESQUELETICOS\" href=\"https:\/\/www.cgt-lkn.org\/bizkaia\/gestamp\/files\/2014\/11\/trastornos-musculos-esqueleticos.pdf\" rel=\"bookmark\">TRASTORNOS MUSCULO-ESQUELETICOS<\/a><\/li>\n<li><a href=\"https:\/\/www.cgt-lkn.org\/bizkaia\/wp-content\/uploads\/sites\/21\/2014\/05\/Boletin-salud-n_6-La-fatiga-visual.pdf\" target=\"_blank\" rel=\"noopener\">La fatiga visual<\/a><\/li>\n<li><a title=\"Permanent Link to Bolet\u00edn Salud N\u00ba 5: La Violencia en el lugar de trabajo\" href=\"https:\/\/www.cgt-lkn.org\/bizkaia\/gestamp\/files\/2013\/10\/5-La-Violencia-en-el-lugar-de-trabajo.pdf\" rel=\"bookmark\">La Violencia en el lugar de trabajo<\/a><\/li>\n<li><a title=\"Permanent Link to GUIA DE SALUD LABORAL N\u00ba 4: Trabajo bajo presi\u00f3n (estr\u00e9s laboral)\" href=\"https:\/\/www.cgt-lkn.org\/bizkaia\/gestamp\/files\/2013\/04\/N4_Trabajo-bajo-presi%C3%B3n-estr%C3%A9s-laboral.pdf\" rel=\"bookmark\">Trabajo bajo presi\u00f3n (estr\u00e9s laboral)<\/a><\/li>\n<li><a title=\"Permanent Link to Gu\u00eda Salud Laboral N\u00ba3: Mascarillas 3M para part\u00edculas.\" href=\"https:\/\/www.cgt-lkn.org\/bizkaia\/gestamp\/files\/2012\/12\/mascarillas_3M_particulas.pdf\" rel=\"bookmark\">Mascarillas 3M para part\u00edculas.<\/a><\/li>\n<li><a title=\"Permanent Link to N\u00ba:2 Ergonom\u00eda. El trabajo con ordenadores\" href=\"https:\/\/www.cgt-lkn.org\/bizkaia\/gestamp\/files\/2012\/10\/02-Ergonom%C3%ADa-El-trabajo-con-ordenadores.pdf\" rel=\"bookmark\">Ergonom\u00eda. El trabajo con ordenadores<\/a><\/li>\n<li><a title=\"Permanent Link to Gu\u00eda de Salud Laboral N\u00ba1. El ambiente termico\" href=\"https:\/\/www.cgt-lkn.org\/bizkaia\/gestamp\/files\/2012\/06\/El-ambiente-termico-n1.pdf\" rel=\"bookmark\">El ambiente termico<\/a><\/li>\n<\/ul>\n<p>&nbsp;<\/p>\n<p>&nbsp;<\/p>\n<h2><span style=\"color: #000000\">Gu\u00edas T\u00e9cnicas:<\/span><\/h2>\n<p><a title=\" AMIANTO\" href=\"http:\/\/www.sff-cgt.org\/areas\/salud_laboral\/guias_tecnicas\/GT%20EXPOSICION%20AL%20AMIANTO%20RD%20396-2006.pdf\" target=\"_blank\" rel=\"noopener\">Gu\u00eda T\u00e9cnica para la la evaluaci\u00f3n y prevenci\u00f3n de los riesgos relacionados con la EXPOSICI\u00d3N AL AMIANTO<img decoding=\"async\" src=\"http:\/\/www.sff-cgt.org\/imagenes\/mini_pdf.gif\" alt=\"\" \/><\/a><br \/>\n<a title=\"EXPOSICI\u00d3N AL RUIDO\" href=\"http:\/\/www.sff-cgt.org\/areas\/salud_laboral\/guias_tecnicas\/GT%20EXPOSICION%20DE%20LOS%20TRABAJADORES%20AL%20RUIDO%20RD%20286-2006.pdf\" target=\"_blank\" rel=\"noopener\">Gu\u00eda T\u00e9cnica para la la evaluaci\u00f3n y prevenci\u00f3n de los riesgos relacionados con la EXPOSICI\u00d3N AL RUIDO<\/a>\u00a0 \u00a0<a title=\"XPOSICI\u00d3N DE LOS TRABAJADOORES AL RUIDO\" href=\"http:\/\/www.sff-cgt.org\/areas\/salud_laboral\/guias_tecnicas\/GT%20EXPOSICION%20DE%20LOS%20TRABAJADORES%20AL%20RUIDO%20RD%20286-2006.pdf\" target=\"_blank\" rel=\"noopener\"><img decoding=\"async\" src=\"http:\/\/www.sff-cgt.org\/imagenes\/mini_pdf.gif\" alt=\"\" \/><\/a><br \/>\n<a title=\"VIBRACIONES MEC\u00c1NICAS\" href=\"http:\/\/www.sff-cgt.org\/areas\/salud_laboral\/guias_tecnicas\/GT%20VIBRACIONES%20MECANICAS%20RD%201311-2005.pdf\" target=\"_blank\" rel=\"noopener\">Gu\u00eda T\u00e9cnica para la evaluaci\u00f3n y prevenci\u00f3n de los riesgos relacionados con las VIBRACIONES MEC\u00c1NICAS<\/a>\u00a0<a title=\"VIBRACIONES MEC\u00c1NICAS\" href=\"http:\/\/www.sff-cgt.org\/areas\/salud_laboral\/guias_tecnicas\/GT%20VIBRACIONES%20MECANICAS%20RD%201311-2005.pdf\" target=\"_blank\" rel=\"noopener\"><img decoding=\"async\" src=\"http:\/\/www.sff-cgt.org\/imagenes\/mini_pdf.gif\" alt=\"\" \/><\/a><br \/>\nGu\u00eda T\u00e9cnica para la la evaluaci\u00f3n y prevenci\u00f3n del RIESGO EL\u00c9CTRICO<a href=\"http:\/\/www.sff-cgt.org\/areas\/salud_laboral\/guias_tecnicas\/GT%20RIESGO%20ELECTRICO%202%20EDICION%20CORREGIDA%20RD%20614-2001.pdf\"><img decoding=\"async\" src=\"http:\/\/www.sff-cgt.org\/imagenes\/mini_pdf.gif\" alt=\"\" \/><\/a><br \/>\nGu\u00eda T\u00e9cnica para la evaluaci\u00f3n y prevenci\u00f3n de los riesgos presentes en los lugares de trabajo relacionados con AGENTES QU\u00cdMICOS<a href=\"http:\/\/www.sff-cgt.org\/areas\/salud_laboral\/guias_tecnicas\/GT%20AGENTES%20QUIMICOS%20RD%20374-2001.pdf\"><img decoding=\"async\" src=\"http:\/\/www.sff-cgt.org\/imagenes\/mini_pdf.gif\" alt=\"\" \/><\/a><br \/>\nGu\u00eda T\u00e9cnica para la la evaluaci\u00f3n y prevenci\u00f3n de los riesgos relativos a la utilizaci\u00f3n de los EQUIPOS DE TRABAJO<a href=\"http:\/\/www.sff-cgt.org\/areas\/salud_laboral\/guias_tecnicas\/GT%20EQUIPOS%20DE%20TRABAJO%20I%20RD%201215-1997.pdf\"><img decoding=\"async\" src=\"http:\/\/www.sff-cgt.org\/imagenes\/mini_pdf.gif\" alt=\"\" \/><\/a><br \/>\n30-05-1997Gu\u00eda T\u00e9cnica para la utilizaci\u00f3n por los trabajadores en el trabajo de los EQUIPOS DE PROTECCI\u00d3N INDIVIDUAL (EPI)<a href=\"http:\/\/www.sff-cgt.org\/areas\/salud_laboral\/guias_tecnicas\/GT%20EQUIPOS%20DE%20PROTECCION%20INDIVIDUAL%20RD%20773-1997.pdf\"><img decoding=\"async\" src=\"http:\/\/www.sff-cgt.org\/imagenes\/mini_pdf.gif\" alt=\"\" \/><\/a><br \/>\nGu\u00eda T\u00e9cnica para la evaluaci\u00f3n y prevenci\u00f3n de los riesgos relacionados con la exposici\u00f3n durante el trabajo a AGENTES CANCER\u00cdGENOS O MUT\u00c1GENOS<a href=\"http:\/\/www.sff-cgt.org\/areas\/salud_laboral\/guias_tecnicas\/GT%20AGENTES%20CANCERIGENOS%20O%20MUTAGENOS%20RD%20665-1997.pdf\"><img decoding=\"async\" src=\"http:\/\/www.sff-cgt.org\/imagenes\/mini_pdf.gif\" alt=\"\" \/><\/a><br \/>\nGu\u00eda T\u00e9cnica para la la evaluaci\u00f3n y prevenci\u00f3n de los riesgos relacionados con la EXPOSICI\u00d3N A RIESGOS BIOL\u00d3GICOS<a href=\"http:\/\/www.sff-cgt.org\/areas\/salud_laboral\/guias_tecnicas\/GT%20EXPOSICION%20A%20AGENTES%20BIOLOGICOS%20RD%20664-1997.pdf\"><img decoding=\"async\" src=\"http:\/\/www.sff-cgt.org\/imagenes\/mini_pdf.gif\" alt=\"\" \/><\/a><br \/>\nGu\u00eda T\u00e9cnica para la la evaluaci\u00f3n y prevenci\u00f3n de los riesgos relativos a la utilizaci\u00f3n de los LUGARES DE TRABAJO<a href=\"http:\/\/www.sff-cgt.org\/areas\/salud_laboral\/guias_tecnicas\/GT%20LUGARES%20DE%20TRABAJO%20RD%20486-1997.pdf\"><img decoding=\"async\" src=\"http:\/\/www.sff-cgt.org\/imagenes\/mini_pdf.gif\" alt=\"\" \/><\/a><br \/>\nGu\u00eda T\u00e9cnica para la la evaluaci\u00f3n y prevenci\u00f3n de los riesgos relativos a la MANIPULACI\u00d3N MANUAL DE CARGAS<a href=\"http:\/\/www.sff-cgt.org\/areas\/salud_laboral\/guias_tecnicas\/GT%20MANIPULACION%20MANUAL%20DE%20CARGAS%20RD%20487-1997.pdf\"><img decoding=\"async\" src=\"http:\/\/www.sff-cgt.org\/imagenes\/mini_pdf.gif\" alt=\"\" \/><\/a><br \/>\nGu\u00eda T\u00e9cnica para la la evaluaci\u00f3n y prevenci\u00f3n de los riesgos relativos a utilizaci\u00f3n de equipos con PANTALLAS DE VISUALIZACI\u00d3N<a href=\"http:\/\/www.sff-cgt.org\/areas\/salud_laboral\/guias_tecnicas\/GT%20PANTALLAS%20DE%20VISUALIZACION%20RD%20488-1997.pdf\"><img decoding=\"async\" src=\"http:\/\/www.sff-cgt.org\/imagenes\/mini_pdf.gif\" alt=\"\" \/><\/a><br \/>\nGu\u00eda T\u00e9cnica sobre SE\u00d1ALIZACI\u00d3N DE SEGURIDAD Y SALUD EN EL TRABAJO<a href=\"http:\/\/www.sff-cgt.org\/areas\/salud_laboral\/guias_tecnicas\/GT%20SE%C3%91ALIZACION%20DE%20SEG%20Y%20SALUD%20EN%20EL%20TRABAJO%20(NUEVA%20EDICION)%20RD%20485-1997.pdf\"><img decoding=\"async\" src=\"http:\/\/www.sff-cgt.org\/imagenes\/mini_pdf.gif\" alt=\"\" \/><\/a><\/p>\n","protected":false},"excerpt":{"rendered":"<p>Gu\u00eda salud laboral \u00a0Teletrabajo Trabajo bajo presi\u00f3n (estr\u00e9s laboral) Trabajo bajo presi\u00f3n y consecuencias para la salud Movimientos Repetitivos Ergonomia<\/p>\n","protected":false},"author":135,"featured_media":0,"parent":1380,"menu_order":0,"comment_status":"closed","ping_status":"closed","template":"","meta":{"footnotes":"","_links_to":"","_links_to_target":""},"class_list":["post-1768","page","type-page","status-publish","hentry"],"publishpress_future_action":{"enabled":false,"date":"2026-05-01 06:53:00","action":"change-status","newStatus":"draft","terms":[],"taxonomy":"","extraData":[]},"publishpress_future_workflow_manual_trigger":{"enabledWorkflows":[]},"_links":{"self":[{"href":"https:\/\/www.cgt-lkn.org\/bizkaia\/wp-json\/wp\/v2\/pages\/1768","targetHints":{"allow":["GET"]}}],"collection":[{"href":"https:\/\/www.cgt-lkn.org\/bizkaia\/wp-json\/wp\/v2\/pages"}],"about":[{"href":"https:\/\/www.cgt-lkn.org\/bizkaia\/wp-json\/wp\/v2\/types\/page"}],"author":[{"embeddable":true,"href":"https:\/\/www.cgt-lkn.org\/bizkaia\/wp-json\/wp\/v2\/users\/135"}],"replies":[{"embeddable":true,"href":"https:\/\/www.cgt-lkn.org\/bizkaia\/wp-json\/wp\/v2\/comments?post=1768"}],"version-history":[{"count":7,"href":"https:\/\/www.cgt-lkn.org\/bizkaia\/wp-json\/wp\/v2\/pages\/1768\/revisions"}],"predecessor-version":[{"id":21799,"href":"https:\/\/www.cgt-lkn.org\/bizkaia\/wp-json\/wp\/v2\/pages\/1768\/revisions\/21799"}],"up":[{"embeddable":true,"href":"https:\/\/www.cgt-lkn.org\/bizkaia\/wp-json\/wp\/v2\/pages\/1380"}],"wp:attachment":[{"href":"https:\/\/www.cgt-lkn.org\/bizkaia\/wp-json\/wp\/v2\/media?parent=1768"}],"curies":[{"name":"wp","href":"https:\/\/api.w.org\/{rel}","templated":true}]}}