{"id":5804,"date":"2018-04-10T18:04:11","date_gmt":"2018-04-10T16:04:11","guid":{"rendered":"http:\/\/www.cgt-lkn.org\/bizkaia\/gestamp\/?page_id=5804"},"modified":"2024-09-10T14:02:48","modified_gmt":"2024-09-10T12:02:48","slug":"contacto","status":"publish","type":"page","link":"https:\/\/www.cgt-lkn.org\/bizkaia-gestamp\/contacto\/","title":{"rendered":"Contacto"},"content":{"rendered":"<p style=\"text-align: center;\"><a href=\"https:\/\/www.cgt-lkn.org\/afiliar\/public\/#!\/\"><span style=\"font-size: 16pt;\"><strong>PICHA AQU\u00cd PARA AFILIARTE<\/strong><\/span><\/a><\/p>\n<p><strong><span style=\"color: #3366ff;\">Canal Telegram<\/span><\/strong> ( <strong>Berriak<\/strong> CGT-LKN Gestamp Bizkaia) Sigue el enlace <strong><a href=\"https:\/\/t.me\/CGTGestampBizkaia\">t.me\/CGTGestampBizkaia\u00a0<\/a><\/strong>o escr\u00edbenos al 717 716 451 y te agregaremos<\/p>\n<p><strong><a href=\"https:\/\/t.me\/CGTGestampBizkaia\"><img loading=\"lazy\" decoding=\"async\" class=\" wp-image-7155 aligncenter\" src=\"https:\/\/www.cgt-lkn.org\/wp-content\/uploads\/sites\/20\/2020\/08\/canal-telegram.jpg\" alt=\"\" width=\"250\" height=\"141\" srcset=\"https:\/\/www.cgt-lkn.org\/bizkaia-gestamp\/wp-content\/uploads\/sites\/20\/2020\/08\/canal-telegram.jpg 600w, https:\/\/www.cgt-lkn.org\/bizkaia-gestamp\/wp-content\/uploads\/sites\/20\/2020\/08\/canal-telegram-300x169.jpg 300w, https:\/\/www.cgt-lkn.org\/bizkaia-gestamp\/wp-content\/uploads\/sites\/20\/2020\/08\/canal-telegram-150x85.jpg 150w, https:\/\/www.cgt-lkn.org\/bizkaia-gestamp\/wp-content\/uploads\/sites\/20\/2020\/08\/canal-telegram-400x225.jpg 400w\" sizes=\"auto, (max-width: 250px) 100vw, 250px\" \/><\/a><\/strong><\/p>\n<p>Email<strong>:\u00a0<a href=\"mailto:gestamp@cgt-lkn.eus\">gestamp@cgt-lkn.eus<\/a> <\/strong>escribenos y te a\u00f1adimos a la lista oculta de correos<\/p>\n<div class=\"post-headline\">\n<p><a href=\"gestamp@cgt-lkn.eus\"><img loading=\"lazy\" decoding=\"async\" class=\"wp-image-9174 aligncenter\" src=\"https:\/\/www.cgt-lkn.org\/wp-content\/uploads\/sites\/20\/2023\/09\/correo-email.jpg\" alt=\"\" width=\"189\" height=\"170\" \/><\/a><\/p>\n<h5 style=\"text-align: center;\"><strong><span style=\"color: #339966;\">Whatsapp\u00a0<\/span> <\/strong><b>717 716 451<\/b><\/h5>\n<\/div>\n<div class=\"post-bodycopy clearfix\">\n<div class=\"pf-content\">\n<h5><strong><span style=\"color: #339966;\"><a href=\"https:\/\/www.cgt-lkn.org\/wp-content\/uploads\/sites\/20\/2016\/03\/WASAP-CGT-GESTAMP.jpg\"><img loading=\"lazy\" decoding=\"async\" class=\"size-full wp-image-4284 aligncenter\" src=\"https:\/\/www.cgt-lkn.org\/wp-content\/uploads\/sites\/20\/2016\/03\/WASAP-CGT-GESTAMP.jpg\" alt=\"\" width=\"283\" height=\"121\" srcset=\"https:\/\/www.cgt-lkn.org\/bizkaia-gestamp\/wp-content\/uploads\/sites\/20\/2016\/03\/WASAP-CGT-GESTAMP.jpg 283w, https:\/\/www.cgt-lkn.org\/bizkaia-gestamp\/wp-content\/uploads\/sites\/20\/2016\/03\/WASAP-CGT-GESTAMP-150x64.jpg 150w\" sizes=\"auto, (max-width: 283px) 100vw, 283px\" \/><\/a><\/span><\/strong><\/h5>\n<hr \/>\n<p style=\"text-align: center;\"><strong><span style=\"background-color: #ff0000;\">S\u00cdGUENOS EN LAS REDES<\/span> SOCIALES Y NO TE PIERDAS NADA<\/strong><\/p>\n<h2 style=\"text-align: center;\"><a href=\"https:\/\/www.tiktok.com\/@cgt_lkn_eh\"><img loading=\"lazy\" decoding=\"async\" class=\"alignnone wp-image-14812\" src=\"https:\/\/www.cgt-lkn.org\/wp-content\/uploads\/5022\/08\/tiktok.png\" alt=\"\" width=\"211\" height=\"211\" \/><\/a><\/h2>\n<p><a href=\"https:\/\/telegram.me\/cgtlknbizkaia\"><img loading=\"lazy\" decoding=\"async\" class=\" wp-image-19213 aligncenter\" src=\"https:\/\/www.cgt-lkn.org\/wp-content\/uploads\/2020\/04\/Telegram-CGT-LKN-Bizkaia.jpg\" alt=\"\" width=\"342\" height=\"189\" \/><\/a><\/p>\n<p style=\"text-align: center;\"><a href=\"https:\/\/www.facebook.com\/profile.php?id=100062609500139\" target=\"_blank\" rel=\"noopener noreferrer\"><img loading=\"lazy\" decoding=\"async\" class=\"wp-image-19168 aligncenter\" src=\"https:\/\/www.cgt-lkn.org\/wp-content\/uploads\/2020\/03\/Facebook.jpg\" alt=\"\" width=\"149\" height=\"149\" \/><\/a><\/p>\n<p style=\"text-align: center;\">\u00a0\u00a0 \u00a0\u00a0 \u00a0\u00a0 \u00a0 <a href=\"https:\/\/twitter.com\/cgt_lkn?s=09\"><img loading=\"lazy\" decoding=\"async\" class=\"alignnone wp-image-23581\" src=\"https:\/\/www.cgt-lkn.org\/wp-content\/uploads\/2023\/09\/X-twiter.jpeg\" alt=\"\" width=\"210\" height=\"118\" \/><\/a><\/p>\n<p><a href=\"https:\/\/www.youtube.com\/user\/cgtbizkaia\" target=\"_blank\" rel=\"noopener noreferrer\"><img loading=\"lazy\" decoding=\"async\" class=\"size-full wp-image-19170 aligncenter\" src=\"https:\/\/www.cgt-lkn.org\/wp-content\/uploads\/2020\/03\/youtube.jpg\" alt=\"\" width=\"315\" height=\"160\" \/><\/a><\/p>\n<p><a href=\"https:\/\/www.instagram.com\/cgt_eh\/?hl=es\" target=\"_blank\" rel=\"noopener noreferrer\"><img loading=\"lazy\" decoding=\"async\" class=\"alignnone size-full wp-image-19171 aligncenter\" src=\"https:\/\/www.cgt-lkn.org\/wp-content\/uploads\/2020\/03\/instagram.jpg\" alt=\"\" width=\"228\" height=\"221\" \/><\/a><\/p>\n<p style=\"text-align: center;\"><a href=\"https:\/\/www.ivoox.com\/escuchar-audios-cgt-lkn-euskal-herria_al_162987_1.html?show=programs\"><img loading=\"lazy\" decoding=\"async\" class=\"alignnone wp-image-9565\" src=\"https:\/\/www.cgt-lkn.org\/wp-content\/uploads\/sites\/20\/2024\/05\/ivoox.png\" alt=\"\" width=\"266\" height=\"151\" srcset=\"https:\/\/www.cgt-lkn.org\/bizkaia-gestamp\/wp-content\/uploads\/sites\/20\/2024\/05\/ivoox.png 298w, https:\/\/www.cgt-lkn.org\/bizkaia-gestamp\/wp-content\/uploads\/sites\/20\/2024\/05\/ivoox-280x160.png 280w\" sizes=\"auto, (max-width: 266px) 100vw, 266px\" \/><\/a><\/p>\n<h3 style=\"text-align: center;\"><\/h3>\n<h1 style=\"text-align: center;\"><strong>\u00bfQui\u00e9nes Somos? <\/strong><\/h1>\n<p>Para empezar CGT-LKN es un sindicato anarquista donde se apuesta por los intereses de l@s trabajadorxs, por un modelo social igualitario y por un equilibrio en este nuestro \u00fanico planeta habitable conocido.<\/p>\n<p>Desde 1910 fecha en la que se constituy\u00f3 la Confederaci\u00f3n Nacional del Trabajo, CNT, hasta los 80, cuando se decidi\u00f3 participar en los comit\u00e9s de empresa y nos constituimos como CGT, Confederaci\u00f3n General del Trabajo, siempre hemos defendido a l@s trabajadorxs, por que nosotr@s somos trabajadorxs, con errores, con aciertos, con coherencia, honestidad y transparencia.<\/p>\n<p>Somos un sindicato independiente y Aut\u00f3nomo, no dependemos de ning\u00fan partido pol\u00edtico o grupo de presi\u00f3n. No somos un sindicato corporativo ni Amarillo. Despreciamos los sindicatos que se auto proclaman \u201cLibres\u201d e \u201cindependientes\u201d, que persiguen el inter\u00e9s propio o la compensaci\u00f3n econ\u00f3mica de sus gestores, estamos en contra de esa casta sindical que se perpet\u00faa, a\u00f1os y a\u00f1os en los despachos de las empresas repartiendo miguitas y comiendo longanizas, \u00bfos suena verdad\u00a0?.<\/p>\n<p>Somos asambleari@s, decidimos l@s trabajadorxs en nuestras correspondientes Asambleas, no tenemos l\u00edderes, ni jefas ni jefes, nuestros delegados son puramente coordinadores de los acuerdos tomados en las mismas.<\/p>\n<p>Defendemos la autogesti\u00f3n econ\u00f3mica y podemos decir que la secci\u00f3n sindical de estampa la practica cada vez con m\u00e1s fuerza. Nuestra representaci\u00f3n sindical est\u00e1 compuesta por dos delegados de empresa de un total de 17, y un enlace sindical.<\/p>\n<p><strong>NO SOMOS UN SINDICATO DE SERVICIOS<\/strong><\/p>\n<p>Somos un sindicato con servicios y no un sindicato de servicios. Contamos con una asesor\u00eda laboral pues no somos expertos en derecho laboral y el asesoramiento de profesionales es siempre necesario por las pol\u00edticas empresariales que sufrimos diariamente.<\/p>\n<p>El nuestro es un sindicato con las puertas abiertas a la participaci\u00f3n en todo, tanto sindical como social y creemos que la pregunta que deber\u00edan hacerse nuestr@s afiliad@s es \u00bfqu\u00e9 puedo hacer yo en mi sindicato?<\/p>\n<p>El modelo sindical que nos pretenden instaurar como oficial es una oficina m\u00e1s de atenci\u00f3n al o la trabajadora, donde te solucionar\u00e1n tus problemas con la menor molestia para ti. Vamos, que la lucha contra el capital es un engorro muy complicado para el que est\u00e1n destinados \u00fanicamente una minor\u00eda especializada que vela por tus derechos y negociaciones. Y muy de vez en cuando te proporcionar\u00e1n una insignificante participaci\u00f3n en asambleas para que \u00fanicamente ratifiques lo que han pensado.<\/p>\n<p>Este no es el sindicalismo de CGT-LKN. Las tendencias sindicales oficiales tienden a llevar al trabajador\/a hacia el individualismo en el que est\u00e1 sumergida esta sociedad. Mientras que el modelo de CGT es el propio de un movimiento organizado de trabajadorxs que quieren alcanzar la plena posesi\u00f3n de derechos sobre su vida con una concepci\u00f3n de sociedad justa, igualitaria y solidaria.<\/p>\n<p>Este sindicalismo necesita, por tanto, de una mayor implicaci\u00f3n de l@s trabajador@s, as\u00ed como de un buen mecanismo de organizaci\u00f3n, una gesti\u00f3n y una pr\u00e1ctica activa y, fundamentalmente, de una actuaci\u00f3n cotidiana \u00e9tica. Este sindicalismo se llama\u00a0<strong>ANARCOSINDICALISMO<\/strong>.<\/p>\n<h2><\/h2>\n<p>&nbsp;<\/p>\n<\/div>\n<div class=\"post-headline\">\n<h1><\/h1>\n<\/div>\n<div class=\"post-bodycopy clearfix\">\n<div class=\"pf-content\"><\/div>\n<\/div>\n<\/div>\n","protected":false},"excerpt":{"rendered":"<p>PICHA AQU\u00cd PARA AFILIARTE Canal Telegram ( Berriak CGT-LKN Gestamp Bizkaia) Sigue el enlace t.me\/CGTGestampBizkaia\u00a0o escr\u00edbenos al 717 716 451<\/p>\n","protected":false},"author":72,"featured_media":0,"parent":0,"menu_order":0,"comment_status":"closed","ping_status":"closed","template":"","meta":{"footnotes":"","_links_to":"","_links_to_target":""},"class_list":["post-5804","page","type-page","status-publish","hentry"],"publishpress_future_action":{"enabled":false,"date":"2026-05-07 09:09:54","action":"change-status","newStatus":"draft","terms":[],"taxonomy":"","extraData":[]},"publishpress_future_workflow_manual_trigger":{"enabledWorkflows":[]},"_links":{"self":[{"href":"https:\/\/www.cgt-lkn.org\/bizkaia-gestamp\/wp-json\/wp\/v2\/pages\/5804","targetHints":{"allow":["GET"]}}],"collection":[{"href":"https:\/\/www.cgt-lkn.org\/bizkaia-gestamp\/wp-json\/wp\/v2\/pages"}],"about":[{"href":"https:\/\/www.cgt-lkn.org\/bizkaia-gestamp\/wp-json\/wp\/v2\/types\/page"}],"author":[{"embeddable":true,"href":"https:\/\/www.cgt-lkn.org\/bizkaia-gestamp\/wp-json\/wp\/v2\/users\/72"}],"replies":[{"embeddable":true,"href":"https:\/\/www.cgt-lkn.org\/bizkaia-gestamp\/wp-json\/wp\/v2\/comments?post=5804"}],"version-history":[{"count":19,"href":"https:\/\/www.cgt-lkn.org\/bizkaia-gestamp\/wp-json\/wp\/v2\/pages\/5804\/revisions"}],"predecessor-version":[{"id":9588,"href":"https:\/\/www.cgt-lkn.org\/bizkaia-gestamp\/wp-json\/wp\/v2\/pages\/5804\/revisions\/9588"}],"wp:attachment":[{"href":"https:\/\/www.cgt-lkn.org\/bizkaia-gestamp\/wp-json\/wp\/v2\/media?parent=5804"}],"curies":[{"name":"wp","href":"https:\/\/api.w.org\/{rel}","templated":true}]}}