{"id":3840,"date":"2015-06-03T18:53:25","date_gmt":"2015-06-03T18:53:25","guid":{"rendered":"http:\/\/www.cgt-lkn.org\/bizkaia\/gestamp\/?page_id=3840"},"modified":"2021-01-02T10:23:26","modified_gmt":"2021-01-02T09:23:26","slug":"calculo-horas-de-libre-disposicion","status":"publish","type":"page","link":"https:\/\/www.cgt-lkn.org\/bizkaia-gestamp\/recursos-laborales\/horas-de-libre-disposicion\/calculo-horas-de-libre-disposicion\/","title":{"rendered":"CALCULO HORAS DE LIBRE DISPOSICI\u00d3N"},"content":{"rendered":"<p><a href=\"https:\/\/www.cgt-lkn.org\/wp-content\/uploads\/sites\/20\/2015\/06\/CGT-Disfruta-de-tu-tiempo-libre.jpg\"><img loading=\"lazy\" decoding=\"async\" class=\" size-full wp-image-3838 aligncenter\" src=\"https:\/\/www.cgt-lkn.org\/wp-content\/uploads\/sites\/20\/2015\/06\/CGT-Disfruta-de-tu-tiempo-libre.jpg\" alt=\"CGT Disfruta de tu tiempo libre\" width=\"625\" height=\"830\" srcset=\"https:\/\/www.cgt-lkn.org\/bizkaia-gestamp\/wp-content\/uploads\/sites\/20\/2015\/06\/CGT-Disfruta-de-tu-tiempo-libre.jpg 602w, https:\/\/www.cgt-lkn.org\/bizkaia-gestamp\/wp-content\/uploads\/sites\/20\/2015\/06\/CGT-Disfruta-de-tu-tiempo-libre-226x300.jpg 226w, https:\/\/www.cgt-lkn.org\/bizkaia-gestamp\/wp-content\/uploads\/sites\/20\/2015\/06\/CGT-Disfruta-de-tu-tiempo-libre-113x150.jpg 113w, https:\/\/www.cgt-lkn.org\/bizkaia-gestamp\/wp-content\/uploads\/sites\/20\/2015\/06\/CGT-Disfruta-de-tu-tiempo-libre-400x531.jpg 400w\" sizes=\"auto, (max-width: 625px) 100vw, 625px\" \/><\/a><\/p>\n<p>Para calcular las horas de libre disposici\u00f3n por cambio de calendario en personal fijo: <strong>Sup\u00f3n que pasas de 4 a 3 relevos. <\/strong><\/p>\n<ol>\n<li>(1660 horas de calendario 4\u00baR) x (d\u00edas naturales que has estado a 4\u00baR)<\/li>\n<\/ol>\n<p>El resultado dividido entre (365 d\u00edas del a\u00f1o no bisiesto) =\u00a0 Z.<\/p>\n<ol start=\"2\">\n<li>(1672 horas de calendario 3\u00baR) x (d\u00edas naturales que vas a estar a 3 R)<\/li>\n<\/ol>\n<p>El resultado dividido entre (365 d\u00edas del a\u00f1o) = Y.<\/p>\n<ol start=\"3\">\n<li>Z + Y = horas de convenio personales (A).<\/li>\n<li>(D\u00edas trabajados a 4\u00ba) + (Dias de trabajo a 3 R) = (Total de d\u00edas trabajados en el a\u00f1o) x 8 = Horas de trabajo reales en el a\u00f1o (B).<\/li>\n<li>A\u2013 B = C (Horas de libre disposici\u00f3n reales)<\/li>\n<\/ol>\n","protected":false},"excerpt":{"rendered":"<p>Para calcular las horas de libre disposici\u00f3n por cambio de calendario en personal fijo: Sup\u00f3n que pasas de 4 a<\/p>\n","protected":false},"author":72,"featured_media":0,"parent":4355,"menu_order":0,"comment_status":"closed","ping_status":"open","template":"","meta":{"footnotes":"","_links_to":"","_links_to_target":""},"class_list":["post-3840","page","type-page","status-publish","hentry"],"publishpress_future_action":{"enabled":false,"date":"2026-05-09 18:17:51","action":"change-status","newStatus":"draft","terms":[],"taxonomy":"","extraData":[]},"publishpress_future_workflow_manual_trigger":{"enabledWorkflows":[]},"_links":{"self":[{"href":"https:\/\/www.cgt-lkn.org\/bizkaia-gestamp\/wp-json\/wp\/v2\/pages\/3840","targetHints":{"allow":["GET"]}}],"collection":[{"href":"https:\/\/www.cgt-lkn.org\/bizkaia-gestamp\/wp-json\/wp\/v2\/pages"}],"about":[{"href":"https:\/\/www.cgt-lkn.org\/bizkaia-gestamp\/wp-json\/wp\/v2\/types\/page"}],"author":[{"embeddable":true,"href":"https:\/\/www.cgt-lkn.org\/bizkaia-gestamp\/wp-json\/wp\/v2\/users\/72"}],"replies":[{"embeddable":true,"href":"https:\/\/www.cgt-lkn.org\/bizkaia-gestamp\/wp-json\/wp\/v2\/comments?post=3840"}],"version-history":[{"count":2,"href":"https:\/\/www.cgt-lkn.org\/bizkaia-gestamp\/wp-json\/wp\/v2\/pages\/3840\/revisions"}],"predecessor-version":[{"id":7515,"href":"https:\/\/www.cgt-lkn.org\/bizkaia-gestamp\/wp-json\/wp\/v2\/pages\/3840\/revisions\/7515"}],"up":[{"embeddable":true,"href":"https:\/\/www.cgt-lkn.org\/bizkaia-gestamp\/wp-json\/wp\/v2\/pages\/4355"}],"wp:attachment":[{"href":"https:\/\/www.cgt-lkn.org\/bizkaia-gestamp\/wp-json\/wp\/v2\/media?parent=3840"}],"curies":[{"name":"wp","href":"https:\/\/api.w.org\/{rel}","templated":true}]}}