{"id":3706,"date":"2015-02-04T19:04:01","date_gmt":"2015-02-04T19:04:01","guid":{"rendered":"http:\/\/www.cgt-lkn.org\/bizkaia\/gestamp\/?page_id=3706"},"modified":"2021-03-12T13:29:06","modified_gmt":"2021-03-12T12:29:06","slug":"nomina-electronica","status":"publish","type":"page","link":"https:\/\/www.cgt-lkn.org\/bizkaia-gestamp\/recursos-laborales\/enlaces\/nomina-electronica\/","title":{"rendered":"N\u00f3mina Electr\u00f3nica"},"content":{"rendered":"<p>El sistema de n\u00f3mina electr\u00f3nica se publican las n\u00f3minas del mes h\u00e1bil y es cada trabajador\/a quien tiene la responsabilidad de archivo y custodia de las mismas, tened en cuenta que los documentos estar\u00e1n vigentes durante 18 meses desde su fecha de publicaci\u00f3n.<br \/>\nCuando un\/a trabajador\/a es baja en la empresa, autom\u00e1ticamente lo ser\u00e1 en este sistema tambi\u00e9n, ya que deja de formar parte de la plantilla.<\/p>\n<p>&nbsp;<\/p>\n<p style=\"text-align: center\"><strong><a href=\"https:\/\/pe.gestamp.com\/Account\/LogOn\" target=\"_blank\" rel=\"noopener\">Pincha aqu\u00ed para acceder al sistema de n\u00f3minas:\u00a0<\/a><\/strong><\/p>\n<p><a href=\"https:\/\/pe.gestamp.com\/Account\/LogOn\" target=\"_blank\" rel=\"noopener\"><img loading=\"lazy\" decoding=\"async\" class=\"aligncenter wp-image-7522 size-medium\" src=\"https:\/\/www.cgt-lkn.org\/wp-content\/uploads\/sites\/20\/2021\/01\/Nomina-gestamp-Junio-2020-233x300.jpg\" alt=\"\" width=\"233\" height=\"300\" srcset=\"https:\/\/www.cgt-lkn.org\/bizkaia-gestamp\/wp-content\/uploads\/sites\/20\/2021\/01\/Nomina-gestamp-Junio-2020-233x300.jpg 233w, https:\/\/www.cgt-lkn.org\/bizkaia-gestamp\/wp-content\/uploads\/sites\/20\/2021\/01\/Nomina-gestamp-Junio-2020.jpg 600w\" sizes=\"auto, (max-width: 233px) 100vw, 233px\" \/><\/a><\/p>\n<p><a href=\"https:\/\/t.me\/CGTGestampBizkaia\"><img loading=\"lazy\" decoding=\"async\" class=\"aligncenter wp-image-7155 size-medium\" src=\"https:\/\/www.cgt-lkn.org\/wp-content\/uploads\/sites\/20\/2020\/08\/canal-telegram-300x169.jpg\" alt=\"\" width=\"300\" height=\"169\" srcset=\"https:\/\/www.cgt-lkn.org\/bizkaia-gestamp\/wp-content\/uploads\/sites\/20\/2020\/08\/canal-telegram-300x169.jpg 300w, https:\/\/www.cgt-lkn.org\/bizkaia-gestamp\/wp-content\/uploads\/sites\/20\/2020\/08\/canal-telegram-150x85.jpg 150w, https:\/\/www.cgt-lkn.org\/bizkaia-gestamp\/wp-content\/uploads\/sites\/20\/2020\/08\/canal-telegram-400x225.jpg 400w, https:\/\/www.cgt-lkn.org\/bizkaia-gestamp\/wp-content\/uploads\/sites\/20\/2020\/08\/canal-telegram.jpg 600w\" sizes=\"auto, (max-width: 300px) 100vw, 300px\" \/><\/a><\/p>\n<p>&nbsp;<\/p>\n<p><a href=\"https:\/\/www.cgt-lkn.org\/bizkaia-gestamp\/2016\/03\/02\/whatsapp\/\"><img loading=\"lazy\" decoding=\"async\" class=\"aligncenter wp-image-4284 size-full\" src=\"https:\/\/www.cgt-lkn.org\/wp-content\/uploads\/sites\/20\/2016\/03\/WASAP-CGT-GESTAMP.jpg\" alt=\"\" width=\"283\" height=\"121\" srcset=\"https:\/\/www.cgt-lkn.org\/bizkaia-gestamp\/wp-content\/uploads\/sites\/20\/2016\/03\/WASAP-CGT-GESTAMP.jpg 283w, https:\/\/www.cgt-lkn.org\/bizkaia-gestamp\/wp-content\/uploads\/sites\/20\/2016\/03\/WASAP-CGT-GESTAMP-150x64.jpg 150w\" sizes=\"auto, (max-width: 283px) 100vw, 283px\" \/><\/a><\/p>\n<p>&nbsp;<\/p>\n<p><a href=\"https:\/\/www.cgt-lkn.org\/afiliar\/public\/#!\/\"><img loading=\"lazy\" decoding=\"async\" class=\"aligncenter wp-image-7505 size-medium\" src=\"https:\/\/www.cgt-lkn.org\/wp-content\/uploads\/sites\/20\/2021\/01\/afiliate-CGT-204x300.jpg\" alt=\"\" width=\"204\" height=\"300\" srcset=\"https:\/\/www.cgt-lkn.org\/bizkaia-gestamp\/wp-content\/uploads\/sites\/20\/2021\/01\/afiliate-CGT-204x300.jpg 204w, https:\/\/www.cgt-lkn.org\/bizkaia-gestamp\/wp-content\/uploads\/sites\/20\/2021\/01\/afiliate-CGT.jpg 544w\" sizes=\"auto, (max-width: 204px) 100vw, 204px\" \/><\/a><\/p>\n<div class=\"addtoany_share_save_container addtoany_content addtoany_content_bottom\">\n<div class=\"a2a_kit a2a_kit_size_16 addtoany_list\" data-a2a-url=\"https:\/\/www.cgt-lkn.org\/bizkaia-gestamp\/2021\/01\/07\/comunicado-cobro-loteria\/\" data-a2a-title=\"COMUNICADO COBRO LOTERIA\"><\/div>\n<\/div>\n","protected":false},"excerpt":{"rendered":"<p>El sistema de n\u00f3mina electr\u00f3nica se publican las n\u00f3minas del mes h\u00e1bil y es cada trabajador\/a quien tiene la responsabilidad<\/p>\n","protected":false},"author":72,"featured_media":0,"parent":37,"menu_order":0,"comment_status":"closed","ping_status":"open","template":"","meta":{"footnotes":"","_links_to":"","_links_to_target":""},"class_list":["post-3706","page","type-page","status-publish","hentry"],"publishpress_future_action":{"enabled":false,"date":"2026-05-10 11:32:48","action":"change-status","newStatus":"draft","terms":[],"taxonomy":"","extraData":[]},"publishpress_future_workflow_manual_trigger":{"enabledWorkflows":[]},"_links":{"self":[{"href":"https:\/\/www.cgt-lkn.org\/bizkaia-gestamp\/wp-json\/wp\/v2\/pages\/3706","targetHints":{"allow":["GET"]}}],"collection":[{"href":"https:\/\/www.cgt-lkn.org\/bizkaia-gestamp\/wp-json\/wp\/v2\/pages"}],"about":[{"href":"https:\/\/www.cgt-lkn.org\/bizkaia-gestamp\/wp-json\/wp\/v2\/types\/page"}],"author":[{"embeddable":true,"href":"https:\/\/www.cgt-lkn.org\/bizkaia-gestamp\/wp-json\/wp\/v2\/users\/72"}],"replies":[{"embeddable":true,"href":"https:\/\/www.cgt-lkn.org\/bizkaia-gestamp\/wp-json\/wp\/v2\/comments?post=3706"}],"version-history":[{"count":4,"href":"https:\/\/www.cgt-lkn.org\/bizkaia-gestamp\/wp-json\/wp\/v2\/pages\/3706\/revisions"}],"predecessor-version":[{"id":7757,"href":"https:\/\/www.cgt-lkn.org\/bizkaia-gestamp\/wp-json\/wp\/v2\/pages\/3706\/revisions\/7757"}],"up":[{"embeddable":true,"href":"https:\/\/www.cgt-lkn.org\/bizkaia-gestamp\/wp-json\/wp\/v2\/pages\/37"}],"wp:attachment":[{"href":"https:\/\/www.cgt-lkn.org\/bizkaia-gestamp\/wp-json\/wp\/v2\/media?parent=3706"}],"curies":[{"name":"wp","href":"https:\/\/api.w.org\/{rel}","templated":true}]}}